{"id":11654,"date":"2025-10-09T12:15:56","date_gmt":"2025-10-09T10:15:56","guid":{"rendered":"https:\/\/dvcsport.com\/product\/all-stars-bcaa-prah-420g\/"},"modified":"2025-10-09T12:15:56","modified_gmt":"2025-10-09T10:15:56","slug":"all-stars-bcaa-prah-420g","status":"publish","type":"product","link":"https:\/\/dvcsport.com\/de\/product\/all-stars-bcaa-prah-420g\/","title":{"rendered":"ALL STARS BCAA prah 420g"},"content":{"rendered":"<p><strong>ZA\u0160TO ALL STARS BCAA?<\/strong><\/p>\n<p>BCAA, aminokiseline razgranatog lanca L-leucin, L-valin i L-leucin, spadaju me\u0111u esencijalne i stoga vitalne aminokiseline. Moraju se konzumirati kroz hranu i\/ili dodatke ishrani i mnogi sportisti u fazama intenzivnog treninga koriste ih posebno za izgradnju i odr\u017eavanje mi\u0161i\u0107a. \u010cak i tokom faza dijete\/definicije, mnogi sportisti koriste BCAA i\/ili druge suplemente aminokiselina kao dodatno oboga\u0107ivanje zaliha proteina, pored klasi\u010dnih proteinskih \u0161ejkova. Na taj na\u010din posebno se suprotstavljaju mogu\u0107em gubitku mi\u0161i\u0107ne mase zbog ograni\u010denog unosa kalorija.<br \/>\n<strong><br \/>\nPREDNOSTI BCAA PRAHA OD ALL STARS<\/strong><\/p>\n<p>Prah je mikro instanciran, stoga je vrlo topiv i, sa 4 ukusna okusa, nudi vo\u0107nu varijaciju proteinskih prahova koji su obi\u010dno dostupni u klasi\u010dnom milkshake okusu. Svaka porcija od 14 g praha i 2250 ml vode daje 10.000 mg BCAA (u dokazanom omjeru 2:1:1). Sa samo oko 50 kcal, ovaj amino napitak se uklapa u svaku fazu dijete. BCAA prah je zasla\u0111en zasla\u0111iva\u010dem i, u zavisnosti od ukusa, sadr\u017ei manje od 1 grama ugljenih hidrata i isto tako malo \u0161e\u0107era.<\/p>\n<p>Svako pakovanje sadr\u017ei 30 porcija. Idealno za uzimanje prije doru\u010dka ili tokom treninga.<\/p>\n","protected":false},"excerpt":{"rendered":"<p><strong>Istaknuto:<\/strong><\/p>\n<ul>\n<li>Mikroinstantirani BCAA prah<\/li>\n<li>10.000 mg aminokiselina razgranatog lanca po porciji<\/li>\n<li>5000mg leucina, 2500mg valina i 2500mg izoleucina<\/li>\n<li>30 porcija po pakovanju<\/li>\n<\/ul>\n<p><strong>Osnovno:<\/strong><\/p>\n<ul>\n<li>Bez aspartama<\/li>\n<li>Bez laktoze<\/li>\n<li>Vegan<\/li>\n<\/ul>\n<p>&nbsp;<\/p>\n<p><strong>Nutritivne vrijednosti po porciji:<\/strong><\/p>\n<ul>\n<li>0 g masti 0 g ugljenih hidrata 10 g proteina<\/li>\n<\/ul>\n","protected":false},"featured_media":11177,"comment_status":"open","ping_status":"closed","template":"","meta":[],"product_cat":[526,523,520],"product_tag":[],"class_list":{"0":"post-11654","1":"product","2":"type-product","3":"status-publish","4":"has-post-thumbnail","6":"product_cat-aminokiseline-de","7":"product_cat-suplementacija-de","8":"product_cat-all-stars-de","10":"first","11":"instock","12":"shipping-taxable","13":"purchasable","14":"product-type-variable"},"_links":{"self":[{"href":"https:\/\/dvcsport.com\/de\/wp-json\/wp\/v2\/product\/11654","targetHints":{"allow":["GET"]}}],"collection":[{"href":"https:\/\/dvcsport.com\/de\/wp-json\/wp\/v2\/product"}],"about":[{"href":"https:\/\/dvcsport.com\/de\/wp-json\/wp\/v2\/types\/product"}],"replies":[{"embeddable":true,"href":"https:\/\/dvcsport.com\/de\/wp-json\/wp\/v2\/comments?post=11654"}],"wp:featuredmedia":[{"embeddable":true,"href":"https:\/\/dvcsport.com\/de\/wp-json\/wp\/v2\/media\/11177"}],"wp:attachment":[{"href":"https:\/\/dvcsport.com\/de\/wp-json\/wp\/v2\/media?parent=11654"}],"wp:term":[{"taxonomy":"product_cat","embeddable":true,"href":"https:\/\/dvcsport.com\/de\/wp-json\/wp\/v2\/product_cat?post=11654"},{"taxonomy":"product_tag","embeddable":true,"href":"https:\/\/dvcsport.com\/de\/wp-json\/wp\/v2\/product_tag?post=11654"}],"curies":[{"name":"wp","href":"https:\/\/api.w.org\/{rel}","templated":true}]}}