{"id":11652,"date":"2025-10-09T12:38:21","date_gmt":"2025-10-09T10:38:21","guid":{"rendered":"https:\/\/dvcsport.com\/product\/all-stars-lipodex-120-kapsula\/"},"modified":"2025-10-09T12:38:21","modified_gmt":"2025-10-09T10:38:21","slug":"all-stars-lipodex-120-kapsula","status":"publish","type":"product","link":"https:\/\/dvcsport.com\/de\/product\/all-stars-lipodex-120-kapsula\/","title":{"rendered":"ALL STARS LIPODEX &#8211; 120 kapsula"},"content":{"rendered":"<p><strong>\u0160ta sadr\u017ee Lipodex kapsule?<\/strong><\/p>\n<p>Dnevna doza od 4 kapsule mo\u017ee se uzimati tokom 30-dnevne dijete na sljedec\u0301i na\u010din: 2 Lipodex kapsule prije\/uz doru\u010dak i 2 kapsule popodne, svaka sa dovoljno te\u010dnosti.<\/p>\n<p>Ne uzimajte kapsule du\u017ee od 8 uzastopnih nedelja \u2013 obratite pa\u017enju na sadr\u017eaj kofeina; jedna kapsula je ekvivalentna pribli\u017eno jednoj velikoj \u0161oljici kafe. Ovo treba uzeti u obzir kada se kombinuje sa drugim suplementima koji sadr\u017ee kofein (poja\u010diva\u010di treninga, energetski \u0161otovi) i kofeinskim napicima. Savjetujemo da ih ne uzimate uve\u010de.<\/p>\n<p><strong><br \/>\nZa\u0161to ALL STARS Lipodex?<\/strong><\/p>\n<p>Bez obzira da li ste bodibilder prije takmi\u010denja ili fitnes sportista koji \u017eeli da izgubi posljednje rezerve masti prije ljetne sezone, Lipodex kapsule pru\u017eaju brojne aktivne sastojke koji vam, u kombinaciji sa niskokalori\u010dnom ishranom i odgovarajuc\u0301im programom treninga, mogu pomoc\u0301i da postignete \u017eeljenu figuru.<\/p>\n","protected":false},"excerpt":{"rendered":"<p><strong>Istaknuto:<\/strong><\/p>\n<ul>\n<li>120 LICAPS\u00ae za 30-dnevnu ishranu<\/li>\n<li>Trimetilksantin\/Kofein + Citrus Aurantium<\/li>\n<li>L-tirozin i L-triptofan<\/li>\n<\/ul>\n<p><strong>Osnovno:<\/strong><\/p>\n<ul>\n<li>Bez aspartama<\/li>\n<li>Bez laktoze<\/li>\n<li>Bez beta-alanina<\/li>\n<li>Bez kreatina<\/li>\n","protected":false},"featured_media":11202,"comment_status":"open","ping_status":"closed","template":"","meta":[],"product_cat":[524,523,520],"product_tag":[],"class_list":{"0":"post-11652","1":"product","2":"type-product","3":"status-publish","4":"has-post-thumbnail","6":"product_cat-mrsavljenje-de","7":"product_cat-suplementacija-de","8":"product_cat-all-stars-de","10":"first","11":"instock","12":"shipping-taxable","13":"purchasable","14":"product-type-simple"},"_links":{"self":[{"href":"https:\/\/dvcsport.com\/de\/wp-json\/wp\/v2\/product\/11652","targetHints":{"allow":["GET"]}}],"collection":[{"href":"https:\/\/dvcsport.com\/de\/wp-json\/wp\/v2\/product"}],"about":[{"href":"https:\/\/dvcsport.com\/de\/wp-json\/wp\/v2\/types\/product"}],"replies":[{"embeddable":true,"href":"https:\/\/dvcsport.com\/de\/wp-json\/wp\/v2\/comments?post=11652"}],"wp:featuredmedia":[{"embeddable":true,"href":"https:\/\/dvcsport.com\/de\/wp-json\/wp\/v2\/media\/11202"}],"wp:attachment":[{"href":"https:\/\/dvcsport.com\/de\/wp-json\/wp\/v2\/media?parent=11652"}],"wp:term":[{"taxonomy":"product_cat","embeddable":true,"href":"https:\/\/dvcsport.com\/de\/wp-json\/wp\/v2\/product_cat?post=11652"},{"taxonomy":"product_tag","embeddable":true,"href":"https:\/\/dvcsport.com\/de\/wp-json\/wp\/v2\/product_tag?post=11652"}],"curies":[{"name":"wp","href":"https:\/\/api.w.org\/{rel}","templated":true}]}}