{"id":6979,"date":"2023-09-28T16:13:24","date_gmt":"2023-09-28T14:13:24","guid":{"rendered":"https:\/\/dvcsport.com\/datenschutzrichtlinie\/"},"modified":"2023-10-06T13:29:07","modified_gmt":"2023-10-06T11:29:07","slug":"datenschutzrichtlinie","status":"publish","type":"page","link":"https:\/\/dvcsport.com\/de\/datenschutzrichtlinie\/","title":{"rendered":"Datenschutzrichtlinie"},"content":{"rendered":"<p>[vc_row full_width=&#8220;stretch_row&#8220; disable_background_image=&#8220;&#8220; css=&#8220;.vc_custom_1695910994528{padding-top: 140px !important;padding-bottom: 90px !important;}&#8220; simple_background_image=&#8220;3718&#8243;][vc_column]<div class=\"eltd-elements-holder   eltd-one-column  eltd-responsive-mode-768 \" ><div class=\"eltd-eh-item     \" style=\"background-color: #ffffff\" data-item-class=\"eltd-eh-custom-6929\">\n\t<div class=\"eltd-eh-item-inner\">\n\t\t<div class=\"eltd-eh-item-content eltd-eh-custom-6929\" style=\"padding: 5% 5%\">\n\t\t\t[vc_column_text]<\/p>\n<p style=\"font-weight: 400;\"><b>G\u00fcltigkeitsdatum: 21.07.2023 .<\/b><\/p>\n<p style=\"font-weight: 400;\">Diese Datenschutzrichtlinie wird von DVC d.o.o., PJ. DVC SPORT Banja Luka, Jovana Du\u010di\u0107a Stra\u00dfe 25, 78000 Banja Luka (im Folgenden: DVC d.o.o., PJ. DVC SPORT) herausgegeben.<\/p>\n<p style=\"font-weight: 400;\">Diese Datenschutzrichtlinie ist integraler Bestandteil der Nutzungsbedingungen unserer Website.<\/p>\n<p style=\"font-weight: 400;\">Durch den Zugriff auf oder die Nutzung unserer Website best\u00e4tigen Sie, dass Sie alle Bedingungen der Datenschutzrichtlinie und der Nutzung unserer Website gelesen und verstanden haben und ihnen zustimmen.<\/p>\n<p style=\"font-weight: 400;\">Wenn Sie mit dieser Datenschutzrichtlinie nicht einverstanden sind, raten wir Ihnen, keine pers\u00f6nlichen Daten auf unserer Website zu hinterlassen oder zu hinterlegen und die Website f\u00fcr m\u00f6gliche Informationszwecke zu nutzen.<\/p>\n<p>&nbsp;<\/p>\n<h3 style=\"font-weight: 400;\"><strong>VERARBEITUNG PERSONENBEZOGENER DATEN<\/strong><\/h3>\n<p style=\"font-weight: 400;\">Wir nehmen den Schutz Ihrer Privatsph\u00e4re sehr ernst und es ist f\u00fcr uns \u00e4u\u00dferst wichtig, Sie \u00fcber die Art und Weise der Erhebung und Verarbeitung Ihrer personenbezogenen Daten sowie deren Zweck und Schutz zu informieren.<\/p>\n<p style=\"font-weight: 400;\">Wir verpflichten uns, alle Ihre Daten gem\u00e4\u00df den Bestimmungen des Gesetzes zum Schutz personenbezogener Daten (\u201eAmtsblatt von Bosnien und Herzegowina\u201c, Nr. 49\/06, 76\/11 und 89\/11) zu verarbeiten und zu sch\u00fctzen Vorschriften in diesem Bereich in Bosnien und Herzegowina.<\/p>\n<p style=\"font-weight: 400;\">Um die Dienste unserer Website nutzen zu k\u00f6nnen, k\u00f6nnen Sie ein registrierter oder nicht registrierter Benutzer sein.<\/p>\n<p style=\"font-weight: 400;\">Um einen Einkauf in unserem Webshop t\u00e4tigen zu k\u00f6nnen, ist es notwendig, dass Sie uns bestimmte personenbezogene Daten mitteilen, ohne die eine Abwicklung des Kaufs nicht m\u00f6glich ist. Eine Nutzung Ihrer personenbezogenen Daten f\u00fcr Marketing- oder andere Zwecke erfolgt nicht, es sei denn, Sie haben hierzu ausdr\u00fccklich eingewilligt.<\/p>\n<p>&nbsp;<\/p>\n<h3 style=\"font-weight: 400;\"><b>ZWECK DER VERARBEITUNG PERSONENBEZOGENER DATEN<\/b><\/h3>\n<p style=\"font-weight: 400;\">Der Zweck der Verarbeitung Ihrer personenbezogenen Daten besteht darin, einen Einkauf in unserem Webshop zu t\u00e4tigen, die Sendung an die von Ihnen angegebene Adresse zu liefern, Reklamationen zu kl\u00e4ren, Sie zu kontaktieren, wenn zus\u00e4tzliche Informationen zur Sendung erforderlich sind, und dergleichen .<\/p>\n<p>&nbsp;<\/p>\n<h3 style=\"font-weight: 400;\"><b>ARTEN PERSONENBEZOGENER DATEN, DIE WIR ERHEBEN UND VERARBEITEN<\/b><\/h3>\n<p style=\"font-weight: 400;\">Die personenbezogenen Daten, die wir bei Ihrem Einkauf in unserem Webshop erheben, sind folgende:<\/p>\n<ul style=\"font-weight: 400;\">\n<li>Name und Nachname,<\/li>\n<li>E-Mail-Adresse,<\/li>\n<li>Kontakt-Telefon,<\/li>\n<li>Lieferanschrift,<\/li>\n<li>Die IP-Adresse, von der aus Sie auf unseren Webshop zugreifen.<\/li>\n<\/ul>\n<p style=\"font-weight: 400;\">Vor- und Nachname, Kontakttelefonnummer und Lieferadresse sind notwendige Informationen, damit wir Ihre Bestellung liefern k\u00f6nnen. Die E-Mail-Adresse wird zum Versenden von Best\u00e4tigungsnachrichten nach Abschluss des Kaufs sowie f\u00fcr etwaige erforderliche Kommunikation verwendet. Wir geben Ihre E-Mail-Adresse nicht an unsere Gesch\u00e4ftspartner weiter. Aus Sicherheitsgr\u00fcnden erfassen wir die IP-Adresse.<\/p>\n<p style=\"font-weight: 400;\">Es besteht die M\u00f6glichkeit, dass wir Ihnen gelegentlich unseren Newsletter an Ihre E-Mail-Adresse zusenden, um Sie \u00fcber m\u00f6gliche Aktionen, Neuheiten oder Sonderangebote zu informieren. Sie k\u00f6nnen sich jederzeit von unserem Newsletter abmelden, indem Sie auf den Link in jeder Nachricht klicken, die wir Ihnen senden.<\/p>\n<p style=\"font-weight: 400;\">Die Inhalte, die Sie \u00fcber unsere Website in Form von Vorschl\u00e4gen, Kommentaren, Bewertungen und dergleichen ver\u00f6ffentlichen, gelten nicht als vertraulich und unterliegen keinem Schutz. Sie garantieren die Richtigkeit aller Inhalte, die Sie auf unserer Website ver\u00f6ffentlichen, und wenn diese Inhalte falsch, unangemessen oder sch\u00e4dlich sind, \u00fcbernehmen Sie die Verantwortung f\u00fcr alle Folgen, die sich aus der Ver\u00f6ffentlichung der oben genannten Inhalte ergeben k\u00f6nnten.<\/p>\n<p>&nbsp;<\/p>\n<h3 style=\"font-weight: 400;\"><b>SPEICHERDAUER PERSONENBEZOGENER DATEN<\/b><\/h3>\n<p style=\"font-weight: 400;\">Wir bewahren Ihre personenbezogenen Daten 5 (f\u00fcnf) Jahre lang auf, gerechnet ab dem Tag der letzten Nutzung unserer Website.<\/p>\n<p>&nbsp;<\/p>\n<h3 style=\"font-weight: 400;\"><b>AUSTAUSCH PERSONENBEZOGENER DATEN<\/b><\/h3>\n<p style=\"font-weight: 400;\">DVC d.o.o, PJ. DVC SPORT kann Ihre personenbezogenen Daten an folgende Empf\u00e4ngergruppen weitergeben:<\/p>\n<ul style=\"font-weight: 400;\">\n<li>Datenverarbeiter, die im Auftrag von DVC d.o.o., PJ. DVC SPORT verarbeitet als Datenempf\u00e4nger personenbezogene Daten auf der Grundlage eines schriftlichen Vertrags und schriftlicher Weisungen und ergreift kompromisslos alle erforderlichen Ma\u00dfnahmen zum Schutz Ihrer personenbezogenen Daten.<\/li>\n<li>Kurierdienste, die Ihre Bestellungen im Namen von DVC d.o.o., PJ.DVC SPORT, gem\u00e4\u00df dem schriftlichen Vertrag zwischen dem jeweiligen Kurierdienst und DVC d.o.o., PJ liefern.<\/li>\n<\/ul>\n<p style=\"font-weight: 400;\">In den oben genannten F\u00e4llen ist DVC d.o.o., PJ. DVC SPORT beh\u00e4lt die Kontrolle \u00fcber personenbezogene Daten und die Verantwortung f\u00fcr die Nutzung personenbezogener Daten. Andere Empf\u00e4nger sind durch entsprechende Vertr\u00e4ge verpflichtet, in \u00dcbereinstimmung mit den Bestimmungen des Gesetzes zum Schutz personenbezogener Daten zu handeln.<\/p>\n<p style=\"font-weight: 400;\">Indem Sie diese Datenschutzrichtlinie akzeptieren, erkl\u00e4ren Sie sich damit einverstanden, dass wir Ihre Adresse und Telefonnummer an den Kurierdienst weitergeben, um die Kommunikation bez\u00fcglich der Lieferung der bestellten Produkte zu erleichtern.<\/p>\n<p>&nbsp;<\/p>\n<h3 style=\"font-weight: 400;\"><b>VERARBEITUNG PERSONENBEZOGENER DATEN VON MINDERJ\u00c4HRIGEN<\/b><\/h3>\n<p style=\"font-weight: 400;\">Minderj\u00e4hrigen ist der Zugang und die Nutzung des Webshops nicht gestattet, weshalb personenbezogene Daten von Minderj\u00e4hrigen nicht verarbeitet werden.<\/p>\n<p>&nbsp;<\/p>\n<h3 style=\"font-weight: 400;\"><b>ADMINISTRATIVE E-MAIL<\/b><\/h3>\n<p style=\"font-weight: 400;\">Zum Zweck der Registrierung und\/oder Abwicklung des Kaufs sendet DVC d.o.o., PJ.DVC SPORT eine Verwaltungs-E-Mail. Es bezieht sich auf die Benutzeraktivit\u00e4t auf unserer Website und umfasst Nachrichten zu bestimmten Benutzerkonten, Anfragen oder Fragen, die f\u00fcr das Funktionieren der Website erforderlich sind. Der Empfang dieser Nachrichten kann nicht ausgeschlossen werden.<\/p>\n<p>&nbsp;<\/p>\n<h3 style=\"font-weight: 400;\"><b>VERARBEITUNG PERSONENBEZOGENER DATEN IM RAHMEN VON MARKETINGAKTIVIT\u00c4TEN<\/b><\/h3>\n<p style=\"font-weight: 400;\">Wir verarbeiten Ihre personenbezogenen Daten zu Marketingzwecken nur, wenn Sie uns Ihre ausdr\u00fcckliche Einwilligung erteilt haben. Zu diesem Zweck k\u00f6nnen wir Ihnen einen Newsletter an die E-Mail-Adresse senden, die Sie f\u00fcr den Empfang solcher Nachrichten angegeben haben. Sie k\u00f6nnen Ihre Einwilligung zum Erhalt von Marketingnachrichten jederzeit widerrufen, indem Sie eine elektronische Nachricht an die Adresse <a href=\"mailto:info@dvcsport.com\">info@dvcsport.com<\/a> senden. Um sicherzustellen, dass eine Grundlage f\u00fcr die L\u00f6schung Ihrer Daten besteht, werden wir Sie m\u00f6glicherweise bitten, uns eine solche Anfrage von der E-Mail-Adresse aus zu senden, \u00fcber die Sie sich urspr\u00fcnglich auf unserer Website registriert haben.<\/p>\n<p>&nbsp;<\/p>\n<h3 style=\"font-weight: 400;\"><b>ZUGRIFF AUF PERSONENBEZOGENE DATEN<\/b><\/h3>\n<p style=\"font-weight: 400;\">Mit einem Passwort und Ihrem Benutzernamen k\u00f6nnen Sie auf unserer Seite auf Ihre pers\u00f6nlichen Identifikationsdaten zugreifen. Wir empfehlen Ihnen, Ihr Passwort niemandem mitzuteilen. Ihre personenbezogenen Daten werden auf einem Server gespeichert, auf den nur Verantwortliche und Dienstleister Zugriff haben.<\/p>\n<p>&nbsp;<\/p>\n<h3 style=\"font-weight: 400;\"><b>INFORMATIONEN ZU IHREN RECHTEN<\/b><\/h3>\n<p style=\"font-weight: 400;\">Gem\u00e4\u00df dem Datenschutzgesetz haben Sie folgende Rechte:<\/p>\n<ul style=\"font-weight: 400;\">\n<li>das Recht auf Auskunft \u00fcber Ihre von uns erhobenen\/verarbeiteten personenbezogenen Daten,<\/li>\n<li>das Recht auf Zugriff auf Ihre personenbezogenen Daten,<\/li>\n<li>das Recht auf Berichtigung, L\u00f6schung oder Einschr\u00e4nkung der Verarbeitung Ihrer personenbezogenen Daten,<\/li>\n<li>das Recht, der Datenverarbeitung zu widersprechen,<\/li>\n<li>andere im Datenschutzgesetz vorgeschriebene Rechte.<\/li>\n<\/ul>\n<p style=\"font-weight: 400;\">Wenn Sie Fragen oder Beschwerden bez\u00fcglich der Nutzung\/Verarbeitung Ihrer personenbezogenen Daten haben, kontaktieren Sie uns bitte unter <a href=\"mailto:info@dvcsport.com\">info@dvcsport.com<\/a>.<\/p>\n<p>&nbsp;<\/p>\n<h3 style=\"font-weight: 400;\"><b>VERLINKTE INTERNETSEITEN<\/b><\/h3>\n<p style=\"font-weight: 400;\">Bitte beachten Sie, dass andere Internetseiten, die Sie \u00fcber einen auf unserer Website gefundenen Link erreichen, m\u00f6glicherweise Datenschutzbestimmungen haben, die von den Bestimmungen dieser Datenschutzrichtlinie abweichen.<\/p>\n<p>&nbsp;<\/p>\n<h3 style=\"font-weight: 400;\"><b>VERWENDUNG VON COOKIES<\/b><\/h3>\n<p style=\"font-weight: 400;\">Wenn Sie Seiten auf unserer Website ansehen und nicht f\u00fcr einen unserer Online-Dienste registriert sind, geschieht dies anonym. Dabei erheben wir keine personenbezogenen Daten von Ihnen wie z. B.: Vor- und Nachname, Adresse, Telefonnummer oder E-Mail-Adresse. Unsere Software verwendet jedoch sogenannte Cookies, um Informationen \u00fcber die Nutzung unserer Website zu sammeln. Weitere Informationen zur Verwendung von Cookies finden Sie in unserer Cookie-Richtlinie.<\/p>\n<p>&nbsp;<\/p>\n<h3 style=\"font-weight: 400;\"><b>\u00c4NDERUNGEN DER DATENSCHUTZRICHTLINIEN<\/b><\/h3>\n<p style=\"font-weight: 400;\">Alle \u00c4nderungen dieser Datenschutzrichtlinie werden auf unserer Website ver\u00f6ffentlicht, damit Sie umfassend \u00fcber die von uns angebotenen Datenschutzma\u00dfnahmen informiert sind.<\/p>\n<p style=\"font-weight: 400;\">Die fortgesetzte Nutzung dieser Website nach Inkrafttreten solcher \u00c4nderungen setzt voraus, dass Sie alle Bedingungen der ge\u00e4nderten Datenschutzrichtlinie best\u00e4tigen und akzeptieren.<\/p>\n<p>[\/vc_column_text]\t\t<\/div>\n\t<\/div>\n<\/div><\/div>[\/vc_column][\/vc_row]<\/p>\n","protected":false},"excerpt":{"rendered":"<p>[vc_row full_width=&#8220;stretch_row&#8220; disable_background_image=&#8220;&#8220; css=&#8220;.vc_custom_1695910994528{padding-top: 140px !important;padding-bottom: 90px !important;}&#8220; simple_background_image=&#8220;3718&#8243;][vc_column][\/vc_column][\/vc_row]<\/p>\n","protected":false},"author":2,"featured_media":0,"parent":0,"menu_order":0,"comment_status":"closed","ping_status":"closed","template":"","meta":{"footnotes":""},"class_list":["post-6979","page","type-page","status-publish","hentry"],"_links":{"self":[{"href":"https:\/\/dvcsport.com\/de\/wp-json\/wp\/v2\/pages\/6979","targetHints":{"allow":["GET"]}}],"collection":[{"href":"https:\/\/dvcsport.com\/de\/wp-json\/wp\/v2\/pages"}],"about":[{"href":"https:\/\/dvcsport.com\/de\/wp-json\/wp\/v2\/types\/page"}],"author":[{"embeddable":true,"href":"https:\/\/dvcsport.com\/de\/wp-json\/wp\/v2\/users\/2"}],"replies":[{"embeddable":true,"href":"https:\/\/dvcsport.com\/de\/wp-json\/wp\/v2\/comments?post=6979"}],"version-history":[{"count":4,"href":"https:\/\/dvcsport.com\/de\/wp-json\/wp\/v2\/pages\/6979\/revisions"}],"predecessor-version":[{"id":7003,"href":"https:\/\/dvcsport.com\/de\/wp-json\/wp\/v2\/pages\/6979\/revisions\/7003"}],"wp:attachment":[{"href":"https:\/\/dvcsport.com\/de\/wp-json\/wp\/v2\/media?parent=6979"}],"curies":[{"name":"wp","href":"https:\/\/api.w.org\/{rel}","templated":true}]}}