{"id":6970,"date":"2017-10-03T13:34:39","date_gmt":"2017-10-03T11:34:39","guid":{"rendered":"https:\/\/dvcsport.com\/nutzungsbedingungen\/"},"modified":"2023-10-06T13:26:54","modified_gmt":"2023-10-06T11:26:54","slug":"nutzungsbedingungen","status":"publish","type":"page","link":"https:\/\/dvcsport.com\/de\/nutzungsbedingungen\/","title":{"rendered":"Nutzungsbedingungen"},"content":{"rendered":"<p>[vc_row row_content_width=&#8220;grid&#8220; disable_background_image=&#8220;&#8220; simple_background_image=&#8220;1407&#8243; css=&#8220;.vc_custom_1509088853447{padding-top: 140px !important;padding-bottom: 90px !important;}&#8220;][vc_column]<div class=\"eltd-elements-holder   eltd-one-column  eltd-responsive-mode-768 \" ><div class=\"eltd-eh-item     \" style=\"background-color: #ffffff\" data-item-class=\"eltd-eh-custom-6454\">\n\t<div class=\"eltd-eh-item-inner\">\n\t\t<div class=\"eltd-eh-item-content eltd-eh-custom-6454\" style=\"padding: 5% 5%\">\n\t\t\t[vc_column_text]<\/p>\n<p class=\"page-heading\"><strong>G\u00fcltigkeitsdatum: 21.07.2023 .<\/strong><\/p>\n<p class=\"page-heading\">Die Nutzungsbedingungen legen die Regeln fest, die es Benutzern unserer Website (im Folgenden: \u201eBenutzer\u201c oder \u201eKunde\u201c) erm\u00f6glichen, unsere Website zu nutzen und Produkte aus unserem Angebot zu erwerben.<\/p>\n<p class=\"page-heading\">Wir behalten uns das Recht vor, die Nutzungsbedingungen entsprechend neuer Angebotsinhalte und\/oder gesetzlicher Regelungen zu \u00e4ndern, weshalb der Nutzer die Informationen zu den Nutzungsbedingungen insbesondere vor jedem Kauf pr\u00fcfen sollte.<\/p>\n<p class=\"page-heading\">Diese Nutzungsbedingungen bilden zusammen mit unserer Datenschutzrichtlinie die f\u00fcr Sie geltende Vereinbarung.<\/p>\n<p class=\"page-heading\">Durch den Zugriff auf oder die Nutzung unserer Website sind Sie rechtlich an diese Vereinbarung gebunden.<\/p>\n<p class=\"page-heading\">Wenn Sie in diesem Text etwas finden, mit dem Sie nicht einverstanden sind, beenden Sie bitte die Nutzung der Website.<\/p>\n<h2><\/h2>\n<p>&nbsp;<\/p>\n<h3 class=\"page-heading\">NUTZUNG DER INTERNETSEITE<\/h3>\n<p class=\"page-heading\">S\u00e4mtliches Material auf dieser Website ist urheberrechtlich gesch\u00fctzt und jede unbefugte Nutzung kann eine Verletzung unseres Urheberrechts darstellen. Sofern an anderer Stelle auf dieser Website nicht anders angegeben, d\u00fcrfen Sie alle Inhalte ausschlie\u00dflich f\u00fcr Ihren pers\u00f6nlichen, nicht kommerziellen Gebrauch und zu Informationszwecken ansehen, kopieren, drucken oder herunterladen, vorausgesetzt, dass alle im Original enthaltenen Urheberrechtshinweise oder sonstigen gesch\u00fctzten Informationen im Dokument verbleiben in allen Exemplaren. Sie d\u00fcrfen den Inhalt dieser Website in keiner Weise ver\u00e4ndern oder ihn f\u00fcr \u00f6ffentliche oder kommerzielle Zwecke vervielf\u00e4ltigen oder \u00f6ffentlich anzeigen, auff\u00fchren, verbreiten oder anderweitig nutzen.<\/p>\n<p class=\"page-heading\">Die Informationen auf dieser Website dienen allgemeinen Informationszwecken und k\u00f6nnen nicht als Ersatz f\u00fcr eine professionelle Beratung verwendet werden.<\/p>\n<p class=\"page-heading\">Die Website sowie ihr gesamter Inhalt sind Eigentum von DVC d.o.o., .PJ.DVC SPORT Banjaluka, Jovana Du\u010di\u0107a Street 25, 78000 Banjaluka, Republika Srpska (im Folgenden: DVC d.o.o., PJ. DVC SPORT). Die Verwendung von Inhalten, die nicht den Nutzungsbedingungen entsprechen, ist ohne die schriftliche Zustimmung des Websitebesitzers strengstens untersagt.<\/p>\n<p class=\"page-heading\">Es ist verboten, auf der Website Inhalte zu ver\u00f6ffentlichen, die verleumdend sind, die Rechte anderer nat\u00fcrlicher oder juristischer Personen verletzen, beleidigend, falsch, bedrohlich, vulg\u00e4r oder pornographisch sind oder in irgendeiner Weise zur Begehung einer Ordnungswidrigkeit oder Straftat auffordern , Inhalte, bei denen es sich um rechtswidrige Handlungen handelt oder die zur zivilrechtlichen Verantwortungslosigkeit aufrufen. DVC SPORT beh\u00e4lt sich das Recht vor, solche Inhalte ohne vorherige Benachrichtigung des Benutzers von der Website zu entfernen.<\/p>\n<p class=\"page-heading\">Jegliche Falschdarstellung und Ver\u00f6ffentlichung falscher und ungenauer Informationen \u00fcber die Website, mit ihr verbundene Personen und Dritte ist untersagt.<\/p>\n<p class=\"page-heading\">Die Nutzung der Website zu Propagandazwecken ist untersagt.<\/p>\n<p class=\"page-heading\">Jegliche Nutzung der Website zum Zweck des Verkaufs von Produkten oder der Empfehlung der Dienstleistungen des Nutzers oder Dritter ist untersagt.<\/p>\n<p class=\"page-heading\">Die Installation oder \u00dcbertragung von Viren und allen Computercodes, Dateien und Programmen, die in irgendeiner Weise die Website oder unterst\u00fctzende Ger\u00e4te besch\u00e4digen oder die Kontrolle \u00fcber sie \u00fcbernehmen k\u00f6nnen, ist verboten.<\/p>\n<h2><\/h2>\n<p>&nbsp;<\/p>\n<h3 class=\"page-heading\">EINGEREICHTER INHALT<\/h3>\n<p class=\"page-heading\">F\u00fcr alle von Ihnen \u00fcbermittelten Inhalte (in Form von Kommentaren, Bewertungen usw.) stimmen Sie zu, dass DVC d.o.o., PJ.DVC SPORT das Recht (aber nicht die Pflicht) hat, die Inhalte zu bewerten, bevor sie auf der Website ver\u00f6ffentlicht werden.<\/p>\n<p class=\"page-heading\">DVC d.o.o, PJ. DVC SPORT ist berechtigt:<\/p>\n<ul>\n<li>um \u00fcbermittelte Inhalte zu \u00fcberwachen,<\/li>\n<li>das Hochladen \u00fcbermittelter Inhalte zuzulassen oder abzulehnen,<\/li>\n<li>um \u00fcbermittelte Inhalte zu \u00fcberwachen, zu filtern und zu l\u00f6schen (sofern sie sch\u00e4dlich oder unangemessen sind),<\/li>\n<li>die gelieferten Inhalte Dritten zur Verf\u00fcgung zu stellen, um die Website zu pflegen, DVC d.o.o., PJ.DVC SPORT zu sch\u00fctzen oder in \u00dcbereinstimmung mit den gesetzlichen Normen zu handeln.<\/li>\n<\/ul>\n<p class=\"page-heading\">Wenn Sie sich entscheiden, Informationen auf unserer Website zu ver\u00f6ffentlichen, geschieht dies ausschlie\u00dflich auf Ihr eigenes Risiko. DVC d.o.o, PJ. DVC SPORT \u00fcbernimmt keine Haftung f\u00fcr Sch\u00e4den oder Missbrauch, die durch Dritte verursacht werden.<\/p>\n<h2><\/h2>\n<p>&nbsp;<\/p>\n<h3 class=\"page-heading\">LINKS ZU DRITTER WEBSITES<\/h3>\n<p class=\"page-heading\">Die Website kann Links zu Websites Dritter enthalten. Sie werden als Annehmlichkeit f\u00fcr den Benutzer und DVC d.o.o. eingerichtet. PJ.DVC SPORT hat keine Kontrolle \u00fcber die auf Websites Dritter angezeigten Inhalte und ist auch nicht f\u00fcr deren Datenschutzrichtlinien verantwortlich. DVC d.o.o, PJ. DVC SPORT \u00fcbernimmt keine Verantwortung, wenn:<\/p>\n<ul>\n<li>Solche Websites haben ungenaue oder unangemessene Inhalte.<\/li>\n<li>Solche Websites nicht sicher sind , enthalten Viren oder andere sch\u00e4dliche Materialien.<\/li>\n<li>Solche Websites die geistigen Eigentumsrechte anderer verletzen usw.<\/li>\n<\/ul>\n<h2><\/h2>\n<p>&nbsp;<\/p>\n<h3 class=\"page-heading\">VERWENDUNG UNSERES NAMEN ODER LOGOS<\/h3>\n<p class=\"page-heading\">Die Verwendung unseres Namens, Logos oder Firmennamens ist nur in \u00dcbereinstimmung mit diesen Nutzungsbedingungen und der Datenschutzrichtlinie gestattet.<\/p>\n<h2><\/h2>\n<p>&nbsp;<\/p>\n<h3 class=\"page-heading\">ZUGRIFF VERHINDERUNG<\/h3>\n<p class=\"page-heading\">Durch die Annahme dieser Nutzungsbedingungen erkl\u00e4ren Sie sich damit einverstanden, dass DVC d.o.o., PJ.DVC SPORT, wenn es dies f\u00fcr notwendig erachtet, Ihren Zugriff und Ihre Nutzung dieser Website ohne vorherige Ank\u00fcndigung sperren kann. DVC d.o.o, PJ. DVC SPORT ist weder Ihnen noch Dritten gegen\u00fcber f\u00fcr die Sperrung Ihres Zugriffs auf diese Website verantwortlich.<\/p>\n<h2><\/h2>\n<p>&nbsp;<\/p>\n<h3 class=\"page-heading\">REGISTRIERUNG<\/h3>\n<p class=\"page-heading\">F\u00fcr den Kaufabschluss ist keine Registrierung erforderlich.<\/p>\n<p class=\"page-heading\">Der Nutzer tr\u00e4gt die volle Verantwortung f\u00fcr die Richtigkeit und Vollst\u00e4ndigkeit der bei der Registrierung auf der Website eingegebenen Daten.<\/p>\n<p class=\"page-heading\">Der registrierte Benutzer erh\u00e4lt die M\u00f6glichkeit, auf bestimmte personalisierte Inhalte zuzugreifen, beispielsweise auf Bestelldaten oder den Kaufstatus.<\/p>\n<p class=\"page-heading\">Mit der Registrierung best\u00e4tigt der Nutzer:<\/p>\n<ul>\n<li>dass er die Nutzungsbedingungen vollst\u00e4ndig gelesen hat und mit allen darin enthaltenen Bestimmungen einverstanden ist,<\/li>\n<li>dass er die Datenschutzerkl\u00e4rung vollst\u00e4ndig gelesen hat und alle Bestimmungen versteht,<\/li>\n<li>dass er die Zahlungsbedingungen vollst\u00e4ndig gelesen und alle Bestimmungen verstanden hat,<\/li>\n<li>dass er die Richtlinie zur Verwendung von Cookies vollst\u00e4ndig gelesen und alle Bestimmungen verstanden hat,<\/li>\n<li>dass er bei der Registrierung absolut zutreffende und wahrheitsgem\u00e4\u00dfe Angaben gemacht hat,<\/li>\n<li>dass DVC d.o.o., PJ.DVC SPORT in \u00dcbereinstimmung mit den Bestimmungen des Gesetzes zum Schutz personenbezogener Daten von Bosnien und Herzegowina die folgenden Informationen \u00fcber den Benutzer an den Kurierdienst \u00fcbermitteln kann: Vor- und Nachname, Adresse f\u00fcr die Zustellung der Bestell- und Telefonnummer, alles ausschlie\u00dflich zum Zwecke der ordnungsgem\u00e4\u00dfen Zustellung der Sendung.<\/li>\n<\/ul>\n<p class=\"page-heading\">Registrierte Nutzer sind verpflichtet, das f\u00fcr die Nutzung unseres Webshops erforderliche Zugangspasswort aufzubewahren und nicht an Dritte weiterzugeben. Verst\u00f6\u00dft der Nutzer gegen diese Pflicht, geschieht dies auf eigenes Risiko und er tr\u00e4gt gegen\u00fcber dem Gesch\u00e4digten die volle Verantwortung f\u00fcr etwaige Sch\u00e4den, die durch die Nutzung seines Accounts durch Dritte entstehen.<\/p>\n<h2><\/h2>\n<p>&nbsp;<\/p>\n<h3 class=\"page-heading\">BESTELLUNG<\/h3>\n<p class=\"page-heading\">Wenn der Kunde den Kauf beschleunigen m\u00f6chte, ist er nicht verpflichtet, sich auf der Website zu registrieren, um den Kauf abzuschlie\u00dfen. In diesem Fall kann der Kunde einige Funktionen der Website, die registrierten Benutzern zur Verf\u00fcgung stehen (z. B. Wunschliste usw.), nicht nutzen.<\/p>\n<p class=\"page-heading\">Als registrierter Nutzer erh\u00e4lt der Kunde nach Eingabe seines Benutzernamens und Passworts unter anderem einen \u00dcberblick \u00fcber seine bisherigen Eink\u00e4ufe sowie die M\u00f6glichkeit, ohne erneute Eingabe seiner pers\u00f6nlichen Daten zur Zahlungsauswahlseite zu gelangen.<\/p>\n<p class=\"page-heading\">Sie k\u00f6nnen Produkte \u00fcber die Website bestellen, indem Sie auf die Schaltfl\u00e4che \u201eZUM WARENKORB HINZUF\u00dcGEN\u201c klicken. Alle \u00fcber den Warenkorb get\u00e4tigten K\u00e4ufe sind endg\u00fcltig und unwiderruflich.<\/p>\n<p class=\"page-heading\">F\u00fcr den Fall, dass nach der Bestellung festgestellt wird, dass auf der Website versehentlich der falsche Preis des Produkts angegeben wurde, wird sich DVC d.o.o., PJ.DVC SPORT bem\u00fchen, den Kunden so schnell wie m\u00f6glich \u00fcber den festgestellten Fehler zu informieren und die genaue H\u00f6he des Preises. In diesem Fall hat der Kunde das Recht, das bestellte Produkt zum korrigierten Verkaufspreis zu bezahlen oder die Bestellung zu stornieren.<\/p>\n<h2><\/h2>\n<p>&nbsp;<\/p>\n<h3 class=\"page-heading\">ANNAHME DER BESTELLUNG DURCH DVC SPORT<\/h3>\n<p class=\"page-heading\">Nach Abschluss der Bestellung wird eine Best\u00e4tigung, dass die Bestellung bei DVC d.o.o., PJ DVC SPORT eingegangen ist, an die vom Kunden als Kontakt hinterlassene E-Mail-Adresse gesendet. Wenn der K\u00e4ufer keine solche Best\u00e4tigung erh\u00e4lt, ist es notwendig, die Richtigkeit der E-Mail-Adresse zu \u00fcberpr\u00fcfen, die er als Kontakt hinterlassen hat.<\/p>\n<p class=\"page-heading\">DVC d.o.o, PJ. DVC SPORT beh\u00e4lt sich das Recht vor, im Falle bekannter Widerspr\u00fcche oder Unklarheiten in den registrierten Daten des Kunden oder in der Bestellung vor der weiteren Bearbeitung derselben die vom Kunden bei der Erstellung der Bestellung angegebenen Daten zu \u00fcberpr\u00fcfen und mit dem Kunden Kontakt aufzunehmen per E-Mail oder Telefon, um diese zu korrigieren und die Lieferung der bestellten Produkte so effizient wie m\u00f6glich zu gestalten.<\/p>\n<p class=\"page-heading\">DVC d.o.o, PJ. DVC SPORT beh\u00e4lt sich au\u00dferdem das Recht vor, bei Nichtlieferung aller bestellten Produkte nur die verf\u00fcgbaren der ausgew\u00e4hlten Produkte zu liefern. Der Kunde wird per E-Mail oder Telefon benachrichtigt und \u00fcber die Lieferung der restlichen Produkte informiert.<\/p>\n<p class=\"page-heading\">DVC d.o.o, PJ. DVC SPORT beh\u00e4lt sich das Recht vor, die Bestellung aus technischen und anderen Gr\u00fcnden zu stornieren, wor\u00fcber der Kunde rechtzeitig informiert wird.<\/p>\n<p class=\"page-heading\">Nach Eingang der Bestellung und Best\u00e4tigung der Kunden- oder Bestelldaten beginnt DVC d.o.o., PJ.DVC SPORT mit der Bearbeitung der Bestellung. Diese endet mit der Best\u00e4tigung durch DVC d.o.o., PJ. DVC SPORT, dass sie in der Lage ist, die Bestellung auszuf\u00fchren leitet dem Kunden Informationen \u00fcber realisierte Betr\u00e4ge von der Zahlungskarte des Kunden weiter (sofern die Kartenzahlungsoption ausgew\u00e4hlt ist).<\/p>\n<p class=\"page-heading\">PJ.DVC SPORT wird den Kunden \u00fcber jede \u00c4nderung im Status der Bestellung DVC d.o.o. informieren.<\/p>\n<h2><\/h2>\n<p>&nbsp;<\/p>\n<h3 class=\"page-heading\">RESERVIERUNG VON PRODUKTEN IM WARENKORB<\/h3>\n<p class=\"page-heading\">Das Produkt, das der Kunde w\u00e4hrend des Kaufvorgangs in den Warenkorb legt, ist auch nach Abgabe der Bestellung nicht reserviert. Das Produkt ist erst nach Best\u00e4tigung der Bestellung durch DVC d.o.o., PJ.DVC SPORT, per E-Mail reserviert.<\/p>\n<p class=\"page-heading\">DVC d.o.o, PJ. DVC SPORT beh\u00e4lt sich das Recht vor, auch nach Versand der Best\u00e4tigung an den Kunden einen Teil oder die gesamte Bestellung zu stornieren, wenn das bestellte Produkt nicht geliefert werden kann, und wird den Kunden \u00fcber die Stornierung per E-Mail informieren.<\/p>\n<h2><\/h2>\n<p>&nbsp;<\/p>\n<h3 class=\"page-heading\">PREISE<\/h3>\n<p class=\"page-heading\">Die Produktpreise sind in Konvertierbaren Mark (KM) angegeben und enthalten die Mehrwertsteuer. Bis zur Best\u00e4tigung der Bestellung k\u00f6nnen sich die Preise der Produkte \u00e4ndern. DVC d.o.o, PJ. DVC SPORT garantiert den Preis am Tag des Kaufs, unabh\u00e4ngig von etwaigen Preis\u00e4nderungen vor der Lieferung.<\/p>\n<p class=\"page-heading\">DVC d.o.o, PJ. DVC SPORT beh\u00e4lt sich das Recht vor, die Preise einzelner Artikel aus dem Angebot t\u00e4glich zu \u00e4ndern, um dem Kunden w\u00e4hrend der Dauer des Aktionszeitraums Vorteile zu bieten, wor\u00fcber der Kunde klar und zeitnah informiert wird.<\/p>\n<p class=\"page-heading\">er Preis des Produkts aus dem Angebot beinhaltet nicht den Preis f\u00fcr die Lieferung der Ware, der vom K\u00e4ufer zu tragen ist, in H\u00f6he von 7,70 KM, wenn die Lieferung \u00fcber den Kurierdienst EuroExpress erfolgt.<\/p>\n<h2><\/h2>\n<p>&nbsp;<\/p>\n<h3 class=\"page-heading\">ZAHLUNG<\/h3>\n<p class=\"page-heading\">Die Bezahlung des Produkts erfolgt gem\u00e4\u00df den Bestimmungen im Dokument \u201eZahlungsbedingungen\u201c, das auch auf unserer Website verf\u00fcgbar ist.<\/p>\n<h2><\/h2>\n<p>&nbsp;<\/p>\n<h3 class=\"page-heading\">LIEFERUNG<\/h3>\n<p class=\"page-heading\">Das Produkt wird auf zwei Arten geliefert:<\/p>\n<ul>\n<li>durch \u00dcbernahme von DVC d.o.o., PJ. DVC SPORT,<\/li>\n<li>per Euro Express-Kurierdienst.<\/li>\n<\/ul>\n<p class=\"page-heading\">Der Kunde w\u00e4hlt beim Abschluss des Kaufs die gew\u00fcnschte Versandart des Produkts. Die Preise f\u00fcr die Produktlieferung werden am Ende jedes Kaufs klar angegeben.<\/p>\n<p class=\"page-heading\">Wenn der K\u00e4ufer die Produkte bei DVC d.o.o., PJ.DVC SPORT abholen m\u00f6chte, werden ihm alle Adressen angeboten, an denen die ausgew\u00e4hlten Produkte verf\u00fcgbar sind, und der K\u00e4ufer kann die Adresse ausw\u00e4hlen, an der er sie abholen m\u00f6chte. Bei dieser Versandart fallen f\u00fcr den Kunden keine Versandkosten an.<\/p>\n<p class=\"page-heading\">Wenn sich der K\u00e4ufer daf\u00fcr entscheidet, die ausgew\u00e4hlten Produkte von einem Kurierdienst liefern zu lassen, mit dem DVC d.o.o., PJ.DVC SPORT einen Vertrag auf dem Gebiet von Bosnien und Herzegowina und Serbien abgeschlossen hat, kann der K\u00e4ufer w\u00e4hlen, welchen der angebotenen Kurierdienste er anbietet wird die Produkte liefern.<\/p>\n<p class=\"page-heading\">DVC d.o.o, PJ. DVC SPORT veranlasst den Kurierdienst, nachdem der Kunde die Bestellung best\u00e4tigt hat.<\/p>\n<ul>\n<li>Das Produkt wird ab dem Zeitpunkt der Auftragsbest\u00e4tigung innerhalb der folgenden Fristen geliefert:<\/li>\n<li>\u00fcber den Kurierdienst EuroExpress betr\u00e4gt die Frist f\u00fcr die Produktlieferung 3 Werktage (die Lieferung erfolgt nicht an Samstagen, Sonntagen und Feiertagen),<\/li>\n<li>Die Lieferung erfolgt an allen Werktagen und Samstagen, au\u00dfer an Sonn- und Feiertagen.<\/li>\n<\/ul>\n<p class=\"page-heading\">Wenn sich der Kunde f\u00fcr die Lieferung des Produkts \u00fcber den EuroExpress-Kurierdienst DVC d.o.o. entscheidet, bietet PJ.DVC SPORT ab einem Mindestbestellwert von 100,00 KM eine kostenlose Lieferung an.<\/p>\n<h2><\/h2>\n<p>&nbsp;<\/p>\n<h3 class=\"page-heading\">BESCHWERDEN<\/h3>\n<p class=\"page-heading\">Der Kunde hat das Recht, eine Beschwerde gem\u00e4\u00df den Bestimmungen des Verbraucherschutzgesetzes einzureichen.<\/p>\n<p class=\"page-heading\">DVC d.o.o, PJ. DVC SPORT garantiert, dass der Prozess der Verpackung und Vorbereitung der bestellten Produkte f\u00fcr die Lieferung streng von den Mitarbeitern von DVC d.o.o. PJ.DVC SPORT kontrolliert wird und dass die M\u00f6glichkeit physischer Sch\u00e4den durch unsachgem\u00e4\u00dfe Handhabung der Produkte minimiert wird. Der Spediteur ist f\u00fcr m\u00f6gliche Sch\u00e4den am Produkt w\u00e4hrend des Transports verantwortlich und DVC d.o.o., PJ.DVC SPORT haftet nicht f\u00fcr unsachgem\u00e4\u00dfe Handhabung der Produkte, nachdem sie dem Kurierdienst zur Lieferung an den Kunden \u00fcbergeben wurden. Bei der Abholung der gelieferten Produkte packen Sie diese bitte vor dem Zusteller aus und pr\u00fcfen Sie, ob physische Sch\u00e4den vorliegen. Wenn Sie einen physischen Schaden am Paket selbst bemerken, informieren Sie bitte sofort den Zusteller. Wenn zus\u00e4tzlich zum physischen Schaden am Paket auch ein physischer Schaden am Produkt vorliegt, informieren Sie bitte den Zusteller. DVC d.o.o, PJ. DVC SPORT haftet nicht f\u00fcr die zuvor beschriebenen Sch\u00e4den.<\/p>\n<p class=\"page-heading\">Der Kunde hat das Recht, eine Beschwerde einzureichen, Das hei\u00dft, dass DVC d.o.o., PJ.DVC SPORT innerhalb von 8 Tagen nach Erhalt der Ware eine Mitteilung \u00fcber physische (materielle) M\u00e4ngel der Ware senden muss, andernfalls wird davon ausgegangen, dass er die Ware in gutem Zustand erhalten hat.<\/p>\n<p class=\"page-heading\">Der Kunde hat kein Recht auf Reklamation des Produkts, wenn er es ge\u00f6ffnet und\/oder verwendet hat.<\/p>\n<p class=\"page-heading\">Der Kunde kann seine Beschwerdeanfrage an die E-Mail-Adresse <a href=\"mailto:info@dvcsport.com\">info@dvcsport.com<\/a> senden. Ein obligatorischer Bestandteil des Inhalts der Reklamationsanfrage ist die Transaktionsnummer (die Sendungsnummer, die Sie bei der Kaufbest\u00e4tigung per E-Mail erhalten haben) und die Nummer des Steuerkontos, auf dem die Transaktion durchgef\u00fchrt wurde.<\/p>\n<p class=\"page-heading\">DVC d.o.o, PJ. DVC SPORT wird die eingereichte Anfrage innerhalb der gesetzlich festgelegten Fristen beantworten.<\/p>\n<h2><\/h2>\n<p>&nbsp;<\/p>\n<h3 class=\"page-heading\">ANWENDBARES RECHT UND ZUST\u00c4NDIGER GERICHTSSTAND<\/h3>\n<p class=\"page-heading\">Die Nutzungsbedingungen und alle ihre Bestandteile unterliegen den Gesetzen von Bosnien und Herzegowina und der Republika Srpska. Im Falle von Streitigkeiten zwischen DVC d.o.o., PJ.DVC SPORT und dem Kunden\/Benutzer ist das zust\u00e4ndige Gericht in Banja Luka zust\u00e4ndig.<\/p>\n<h2><\/h2>\n<p>&nbsp;<\/p>\n<h3 class=\"page-heading\">EINSCHR\u00c4NKUNGEN<\/h3>\n<p class=\"page-heading\">M\u00f6glicherweise sind nicht alle Dienste f\u00fcr alle Personen oder an allen geografischen Standorten verf\u00fcgbar. DVC d.o.o, PJ. DVC SPORT beh\u00e4lt sich das Recht vor, die Verf\u00fcgbarkeit dieser Website oder die Bereitstellung von Diensten f\u00fcr Personen oder in jedem geografischen Gebiet einzuschr\u00e4nken.<\/p>\n<h2><\/h2>\n<p>&nbsp;<\/p>\n<h3 class=\"page-heading\">\u00c4NDERUNGEN DER NUTZUNGSBEDINGUNGEN<\/h3>\n<p class=\"page-heading\">DVC d.o.o, PJ. DVC SPORT kann diese Nutzungsbedingungen jederzeit und ohne vorherige Ank\u00fcndigung \u00e4ndern oder erg\u00e4nzen. Solche \u00c4nderungen sind f\u00fcr K\u00e4ufer\/Benutzer bindend, daher wird empfohlen, dass Sie diese Seite regelm\u00e4\u00dfig besuchen und sich dar\u00fcber informieren. Durch die weitere Nutzung der Dienste der Website erkl\u00e4ren Sie sich damit einverstanden, alle \u00c4nderungen und Erg\u00e4nzungen dieser Nutzungsbedingungen zu akzeptieren.<\/p>\n<h2><\/h2>\n<p>&nbsp;<\/p>\n<h3 class=\"page-heading\">\u00c4NDERUNGEN DER WEBSITE<\/h3>\n<p class=\"page-heading\">DVC d.o.o, PJ. DVC SPORT beh\u00e4lt sich das Recht vor, diese Website jederzeit, vor\u00fcbergehend oder dauerhaft, ganz oder teilweise, ohne vorherige Ank\u00fcndigung zu \u00e4ndern oder zu schlie\u00dfen oder die Verf\u00fcgbarkeit der Website auf bestimmte Personen oder geografische Gebiete zu beschr\u00e4nken.<\/p>\n<h2><\/h2>\n<p>&nbsp;<\/p>\n<h3 class=\"page-heading\">GENAUIGKEIT DER DATEN<\/h3>\n<p class=\"page-heading\">DVC d.o.o, PJ. DVC SPORT ist bestrebt, die auf dieser Website ver\u00f6ffentlichten Daten korrekt und aktuell zu halten, gibt jedoch keine Garantien oder Zusicherungen daf\u00fcr, dass diese Informationen tats\u00e4chlich vorhanden sind, und \u00fcbernimmt auch keine Verantwortung f\u00fcr die direkten oder indirekten Folgen, die sich daraus ergeben Die Annahme des Benutzers\/K\u00e4ufers, dass die Daten korrekt und aktuell sind.<\/p>\n<p class=\"page-heading\">Sollten Ihnen Unregelm\u00e4\u00dfigkeiten auffallen, teilen Sie uns dies bitte unter der E-Mail-Adresse <a href=\"mailto:info@dvcsport.com\">info@dvcsport.com<\/a> mit, um m\u00f6gliche Unannehmlichkeiten zu vermeiden.<\/p>\n<h2><\/h2>\n<p>&nbsp;<\/p>\n<h3 class=\"page-heading\">EREIGNISSE AU\u00dfERHALB UNSERER KONTROLLE<\/h3>\n<p class=\"page-heading\">Wir haften Ihnen gegen\u00fcber nicht f\u00fcr Verst\u00f6\u00dfe gegen die Nutzungsbedingungen, die durch Ereignisse oder Umst\u00e4nde verursacht werden, die au\u00dferhalb unserer angemessenen Kontrolle liegen.<\/p>\n<h2><\/h2>\n<p>&nbsp;<\/p>\n<h3 class=\"page-heading\">TEILWEISE NICHTIGKEIT DES VERTRAGS<\/h3>\n<p class=\"page-heading\">Sollte eine Bestimmung dieser Vereinbarung von einem zust\u00e4ndigen Gericht f\u00fcr ung\u00fcltig erkl\u00e4rt werden, hat dies keinen Einfluss auf die G\u00fcltigkeit der \u00fcbrigen Bestimmungen dieser Vereinbarung, die weiterhin in vollem Umfang gelten.<\/p>\n<p>[\/vc_column_text]\t\t<\/div>\n\t<\/div>\n<\/div><\/div>[\/vc_column][\/vc_row]<\/p>\n","protected":false},"excerpt":{"rendered":"<p>[vc_row row_content_width=&#8220;grid&#8220; disable_background_image=&#8220;&#8220; simple_background_image=&#8220;1407&#8243; css=&#8220;.vc_custom_1509088853447{padding-top: 140px !important;padding-bottom: 90px !important;}&#8220;][vc_column][\/vc_column][\/vc_row]<\/p>\n","protected":false},"author":2,"featured_media":0,"parent":0,"menu_order":0,"comment_status":"closed","ping_status":"closed","template":"full-width.php","meta":{"footnotes":""},"class_list":["post-6970","page","type-page","status-publish","hentry"],"_links":{"self":[{"href":"https:\/\/dvcsport.com\/de\/wp-json\/wp\/v2\/pages\/6970","targetHints":{"allow":["GET"]}}],"collection":[{"href":"https:\/\/dvcsport.com\/de\/wp-json\/wp\/v2\/pages"}],"about":[{"href":"https:\/\/dvcsport.com\/de\/wp-json\/wp\/v2\/types\/page"}],"author":[{"embeddable":true,"href":"https:\/\/dvcsport.com\/de\/wp-json\/wp\/v2\/users\/2"}],"replies":[{"embeddable":true,"href":"https:\/\/dvcsport.com\/de\/wp-json\/wp\/v2\/comments?post=6970"}],"version-history":[{"count":8,"href":"https:\/\/dvcsport.com\/de\/wp-json\/wp\/v2\/pages\/6970\/revisions"}],"predecessor-version":[{"id":7001,"href":"https:\/\/dvcsport.com\/de\/wp-json\/wp\/v2\/pages\/6970\/revisions\/7001"}],"wp:attachment":[{"href":"https:\/\/dvcsport.com\/de\/wp-json\/wp\/v2\/media?parent=6970"}],"curies":[{"name":"wp","href":"https:\/\/api.w.org\/{rel}","templated":true}]}}