{"id":6966,"date":"2023-09-28T16:34:16","date_gmt":"2023-09-28T14:34:16","guid":{"rendered":"https:\/\/dvcsport.com\/zahlungsbedingungen\/"},"modified":"2023-10-06T13:34:27","modified_gmt":"2023-10-06T11:34:27","slug":"zahlungsbedingungen","status":"publish","type":"page","link":"https:\/\/dvcsport.com\/de\/zahlungsbedingungen\/","title":{"rendered":"Zahlungsbedingungen"},"content":{"rendered":"<p>[vc_row full_width=&#8220;stretch_row&#8220; disable_background_image=&#8220;&#8220; css=&#8220;.vc_custom_1695911731618{padding-top: 140px !important;padding-bottom: 90px !important;}&#8220; simple_background_image=&#8220;3718&#8243;][vc_column]<div class=\"eltd-elements-holder   eltd-one-column  eltd-responsive-mode-768 \" ><div class=\"eltd-eh-item     \" style=\"background-color: #ffffff\" data-item-class=\"eltd-eh-custom-7094\">\n\t<div class=\"eltd-eh-item-inner\">\n\t\t<div class=\"eltd-eh-item-content eltd-eh-custom-7094\" style=\"padding: 5% 5%\">\n\t\t\t[vc_column_text]<\/p>\n<p style=\"font-weight: 400;\"><b>G\u00fcltigkeitsdatum: 21.07.2023 .<\/b><\/p>\n<p style=\"font-weight: 400;\">DVC d.o.o, PJ. Der Webshop von DVC SPORT Banjaluka erm\u00f6glicht die Zahlung von Artikeln aus seinem Angebot auf zwei Arten: Barzahlung bei Lieferung und Zahlung mit Zahlungskarten.<\/p>\n<p style=\"font-weight: 400;\">Die Zahlungsart w\u00e4hlen Sie bei der Bestellung in unserem Webshop.<\/p>\n<p>&nbsp;<\/p>\n<h3 style=\"font-weight: 400;\"><b>BEZAHLUNG BEI ZUSTELLUNG<\/b><\/h3>\n<p style=\"font-weight: 400;\">Wenn Sie sich f\u00fcr diese Zahlungsart entschieden haben, sind Sie verpflichtet, das an Ihre Adresse gelieferte Paket bei der Abholung vor Ort beim Zusteller zu bezahlen.<\/p>\n<p style=\"font-weight: 400;\">F\u00fcr die Zahlung per Nachnahme fallen f\u00fcr Sie keine weiteren Kosten (au\u00dfer Lieferkosten) an. Die Zahlung ist nur in bar m\u00f6glich. Die Zahlung muss in konvertierbaren Mark erfolgen.<\/p>\n<p style=\"font-weight: 400;\">Bitte beachten Sie, dass der Zusteller m\u00f6glicherweise kein Wechselgeld hat, um Ihnen das Wechselgeld zur\u00fcckzugeben. Stellen Sie daher sicher, dass Sie den genauen Zahlungsbetrag haben, der in der Best\u00e4tigungs-E-Mail angegeben ist, die Sie bei der Best\u00e4tigung des Kaufs erhalten haben.<\/p>\n<p>&nbsp;<\/p>\n<h3 style=\"font-weight: 400;\"><b>ZAHLUNG MIT ZAHLUNGSKARTEN<\/b><\/h3>\n<p style=\"font-weight: 400;\">Wenn Sie sich f\u00fcr die Zahlung mit einer Zahlungskarte entschieden haben, werden Sie im letzten Schritt vor der Best\u00e4tigung des Kaufs vom System zum Sicherheitslink der UniCredit Bank a.d. weitergeleitet. Banja Luka, wo Sie Ihre Zahlungskarteninformationen eingeben. Der Gesamtbetrag und die Sendungsnummer werden automatisch eingetragen und k\u00f6nnen nicht ge\u00e4ndert werden. Nach einem erfolgreichen Kauf werden Sie vom Bankadapter mit der Best\u00e4tigung, dass Ihr Kauf erfolgreich war, auf unsere Website zur\u00fcckgeleitet. Wenn bei Ihrer Zahlungskarte ein Fehler auftritt, werden Sie mit einer Benachrichtigung \u00fcber den Fehler auf unsere Website zur\u00fcckgeleitet. Nach erfolgreichem Kauf und Zahlung per Zahlungskarte entstehen Ihnen bei der Abholung der Sendung keine Folgekosten.<\/p>\n<ul style=\"font-weight: 400;\">\n<li>Sobald die Zahlung erfolgt ist, k\u00f6nnen die Angaben zur bezahlten E-Rechnung und deren Betrag nicht mehr ge\u00e4ndert werden.<\/li>\n<li>Nach erfolgter Zahlung ist es nicht m\u00f6glich, die Zahlung zu stornieren und die belasteten Betr\u00e4ge r\u00fcckg\u00e4ngig zu machen<\/li>\n<li>Sie k\u00f6nnen alle Beschwerden \u00fcber Zahlungen per E-Rechnung an <a href=\"mailto:info@dvcsport.com\">info@dvcsport.com<\/a> senden.<\/li>\n<\/ul>\n<p style=\"font-weight: 400;\">DVC d.o.o, PJ. DVC SPORT Banjaluka lehnt jegliche Verantwortung f\u00fcr Sch\u00e4den ab, die Ihnen und\/oder Dritten durch unbefugte oder unbefugte Nutzung der Zahlungskarte entstehen k\u00f6nnen, d. h. Jeglicher Missbrauch derselben (gestohlene Zahlungskarte, Verwendung der Zahlungskarte ohne Wissen des Eigent\u00fcmers usw.). In den oben genannten und \u00e4hnlichen F\u00e4llen wird DVC d.o.o., PJ. DVC SPORT Banjaluka die gezahlten Betr\u00e4ge nicht zur\u00fcckerstatten.<\/p>\n<p style=\"font-weight: 400;\">DVC d.o.o, PJ. DVC SPORT Banjaluka ist nicht verantwortlich f\u00fcr die Unterbrechung der Internetverbindung oder die Nichtverf\u00fcgbarkeit des Zahlungskartenprozessors.<\/p>\n<p style=\"font-weight: 400;\">DVC d.o.o, PJ. DVC SPORT Banjaluka wird in \u00dcbereinstimmung mit den geltenden gesetzlichen Bestimmungen alle verf\u00fcgbaren Ma\u00dfnahmen ergreifen, um Ihre Daten sowie die Daten bei E-Rechnungszahlungen zu sch\u00fctzen. Die oben genannten Daten gelten als vertrauliche Informationen und stehen nur den Mitarbeitern zur Verf\u00fcgung, die die Daten zur Erf\u00fcllung ihrer Arbeit ben\u00f6tigen. Alle Daten \u00fcber die Zahlungskarte werden verschl\u00fcsselt und direkt zwischen Ihnen und dem Bankserver des Zahlungskartenabwicklers ausgetauscht, und ihre Sicherheit, d. h. die Vertraulichkeit der Daten, wird von der Bank garantiert und gew\u00e4hrleistet.<\/p>\n<p style=\"font-weight: 400;\">Bei der Eingabe von Zahlungskartendaten werden vertrauliche Informationen \u00fcber ein \u00f6ffentliches Netzwerk in gesch\u00fctzter (verschl\u00fcsselter) Form unter Verwendung des SSL-Protokolls, der derzeit modernsten Technologie, \u00fcbertragen.<\/p>\n<p style=\"font-weight: 400;\">Die Datensicherheit beim Einkauf wird durch den Kartenverarbeiter gew\u00e4hrleistet. F\u00fcr Eink\u00e4ufe mit Zahlungskarten ist der Kartenverarbeiter die UniCredit Bank a.d. Banja Luka, sodass der komplette Abrechnungsprozess auf der Website der Bank erfolgt. Die Zahlungskartendaten stehen dem System von DVC d.o.o., PJ zu keinem Zeitpunkt zur Verf\u00fcgung. DVC SPORT Banjaluka, daher DVC d.o.o., PJ. DVC SPORT Banjaluka \u00fcbernimmt keine Verantwortung f\u00fcr etwaigen Missbrauch.<\/p>\n<p>[\/vc_column_text]\t\t<\/div>\n\t<\/div>\n<\/div><\/div>[\/vc_column][\/vc_row]<\/p>\n","protected":false},"excerpt":{"rendered":"<p>[vc_row full_width=&#8220;stretch_row&#8220; disable_background_image=&#8220;&#8220; css=&#8220;.vc_custom_1695911731618{padding-top: 140px !important;padding-bottom: 90px !important;}&#8220; simple_background_image=&#8220;3718&#8243;][vc_column][\/vc_column][\/vc_row]<\/p>\n","protected":false},"author":2,"featured_media":0,"parent":0,"menu_order":0,"comment_status":"closed","ping_status":"closed","template":"","meta":{"footnotes":""},"class_list":["post-6966","page","type-page","status-publish","hentry"],"_links":{"self":[{"href":"https:\/\/dvcsport.com\/de\/wp-json\/wp\/v2\/pages\/6966","targetHints":{"allow":["GET"]}}],"collection":[{"href":"https:\/\/dvcsport.com\/de\/wp-json\/wp\/v2\/pages"}],"about":[{"href":"https:\/\/dvcsport.com\/de\/wp-json\/wp\/v2\/types\/page"}],"author":[{"embeddable":true,"href":"https:\/\/dvcsport.com\/de\/wp-json\/wp\/v2\/users\/2"}],"replies":[{"embeddable":true,"href":"https:\/\/dvcsport.com\/de\/wp-json\/wp\/v2\/comments?post=6966"}],"version-history":[{"count":3,"href":"https:\/\/dvcsport.com\/de\/wp-json\/wp\/v2\/pages\/6966\/revisions"}],"predecessor-version":[{"id":7006,"href":"https:\/\/dvcsport.com\/de\/wp-json\/wp\/v2\/pages\/6966\/revisions\/7006"}],"wp:attachment":[{"href":"https:\/\/dvcsport.com\/de\/wp-json\/wp\/v2\/media?parent=6966"}],"curies":[{"name":"wp","href":"https:\/\/api.w.org\/{rel}","templated":true}]}}