{"id":6951,"date":"2023-09-28T16:43:57","date_gmt":"2023-09-28T14:43:57","guid":{"rendered":"https:\/\/dvcsport.com\/marken\/"},"modified":"2026-03-05T12:57:25","modified_gmt":"2026-03-05T11:57:25","slug":"marken","status":"publish","type":"page","link":"https:\/\/dvcsport.com\/de\/marken\/","title":{"rendered":"Marken"},"content":{"rendered":"<p>[vc_row full_width=&#8220;stretch_row&#8220; css=&#8220;.vc_custom_1696500995300{padding-top: 20px !important;padding-bottom: 60px !important;background-position: center !important;background-repeat: no-repeat !important;background-size: cover !important;}&#8220; el_id=&#8220;allstars&#8220;][vc_column width=&#8220;1\/2&#8243;]<div class=\"eltd-banner-holder  eltd-visible-on-default eltd-banner-info-default\">\n    <div class=\"eltd-banner-image\">\n        <img loading=\"lazy\" decoding=\"async\" width=\"762\" height=\"359\" src=\"https:\/\/dvcsport.com\/wp-content\/uploads\/2023\/10\/all-stars-banner.jpg\" class=\"attachment-full size-full\" alt=\"\" srcset=\"https:\/\/dvcsport.com\/wp-content\/uploads\/2023\/10\/all-stars-banner.jpg 762w, https:\/\/dvcsport.com\/wp-content\/uploads\/2023\/10\/all-stars-banner-300x141.jpg 300w, https:\/\/dvcsport.com\/wp-content\/uploads\/2023\/10\/all-stars-banner-600x283.jpg 600w\" sizes=\"auto, (max-width: 762px) 100vw, 762px\" \/>    <\/div>\n    <div class=\"eltd-banner-text-holder\" >\n\t    <div class=\"eltd-banner-text-outer\">\n\t\t    <div class=\"eltd-banner-text-inner\">\n\t\t        \t\t        \t\t        <div class=\"eltd-banner-link-button\" >\n\t\t\t         \t\t        <\/div>\n\t\t\t<\/div>\n\t\t<\/div>\n\t<\/div>\n\t\n<\/div>[\/vc_column][vc_column width=&#8220;1\/2&#8243;]<div class=\"eltd-elements-holder   eltd-one-column  eltd-responsive-mode-768 \" ><div class=\"eltd-eh-item     \"  data-item-class=\"eltd-eh-custom-5072\">\n\t<div class=\"eltd-eh-item-inner\">\n\t\t<div class=\"eltd-eh-item-content eltd-eh-custom-5072\" style=\"padding: 3.5% 0 0 0\">\n\t\t\t[vc_column_text]<\/p>\n<h2>ALL STARS &#8211; PREMIUM SPORTS NUTRITION<\/h2>\n<p>[\/vc_column_text][vc_empty_space height=&#8220;6px&#8220;]<div class=\"eltd-separator-holder clearfix  eltd-separator-left \">\n\t<div class=\"eltd-separator\" style=\"width: 44px;border-bottom-width: 5px\"><\/div>\n<\/div>\n[vc_column_text]<\/p>\n<div class=\"elementor-element elementor-element-wts3cgl elementor-widget elementor-widget-text-editor\" data-id=\"wts3cgl\" data-element_type=\"text-editor.default\">\n<div class=\"elementor-widget-container\">\n<div class=\"elementor-text-editor elementor-clearfix\">\n<p>Eine Marke mit mehr als 50 Jahren Engagement f\u00fcr Exzellenz. von 1972. bei der Gr\u00fcndung als Brummer Sportnahrung in M\u00fcnchen steht die Tradition bis heute f\u00fcr die hochwertige Sportern\u00e4hrung der All Stars.<\/p>\n<p>Seit Jahrzehnten werden Produkte f\u00fcr die anspruchsvollsten Sportler entwickelt. Mit dieser Erfahrung bietet es heute die perfekte Sportern\u00e4hrung f\u00fcr alle \u2013 vom Anf\u00e4nger bis zum Profis. <strong><a href=\"https:\/\/all-stars.ba\/\" target=\"_blank\" rel=\"noopener\">Mehr dazu<\/a><\/strong><\/p>\n<\/div>\n<\/div>\n<\/div>\n<p>[\/vc_column_text]\t\t<\/div>\n\t<\/div>\n<\/div><\/div>[\/vc_column][\/vc_row][vc_row full_width=&#8220;stretch_row&#8220; css=&#8220;.vc_custom_1696501006643{padding-top: 0px !important;padding-bottom: 60px !important;background-position: center !important;background-repeat: no-repeat !important;background-size: cover !important;}&#8220; el_id=&#8220;avantpool&#8220;][vc_column width=&#8220;1\/2&#8243;]<div class=\"eltd-elements-holder   eltd-one-column  eltd-responsive-mode-768 \" ><div class=\"eltd-eh-item     \"  data-item-class=\"eltd-eh-custom-6134\">\n\t<div class=\"eltd-eh-item-inner\">\n\t\t<div class=\"eltd-eh-item-content eltd-eh-custom-6134\" style=\"padding: 5% 0 0 0\">\n\t\t\t[vc_column_text]<\/p>\n<h2>AVANTOPOOL<\/h2>\n<p>[\/vc_column_text][vc_empty_space height=&#8220;6px&#8220;]<div class=\"eltd-separator-holder clearfix  eltd-separator-left \">\n\t<div class=\"eltd-separator\" style=\"width: 44px;border-bottom-width: 5px\"><\/div>\n<\/div>\n[vc_column_text]<\/p>\n<div class=\"elementor-element elementor-element-wts3cgl elementor-widget elementor-widget-text-editor\" data-id=\"wts3cgl\" data-element_type=\"text-editor.default\">\n<div class=\"elementor-widget-container\">\n<div class=\"elementor-text-editor elementor-clearfix\">\n<p>Eine Top-Marke, die Tradition und Innovation in der Welt der sportlichen Erholung vereint. Mit seiner Gr\u00fcndung im Jahr 2014 reagierte Avantopool auf den Bedarf an einem Kaltwasserbecken f\u00fcr den Heimgebrauch.<\/p>\n<p>Mit jahrelanger Erfahrung in der Schwimmbadbranche hat ein Team von Ingenieuren ein Produkt geschaffen, das nicht nur von h\u00f6chster Qualit\u00e4t ist, sondern sowohl f\u00fcr Profisportler als auch f\u00fcr Freizeitnutzer geeignet ist. Dieses Engagement f\u00fcr Produktqualit\u00e4t spiegelt die Leidenschaft f\u00fcr das Wohlbefinden aller Avantopool-Benutzer wider. <a href=\"https:\/\/dvcsport.com\/wp-content\/uploads\/2023\/10\/Avantopool-prezentacija-2.pdf\" target=\"_blank\" rel=\"noopener\"><strong>Mehr dazu<\/strong><\/a><\/p>\n<\/div>\n<\/div>\n<\/div>\n<div class=\"elementor-element elementor-element-9nlj1y3 elementor-widget elementor-widget-text-editor\" data-id=\"9nlj1y3\" data-element_type=\"text-editor.default\">\n<div class=\"elementor-widget-container\">\n<div class=\"elementor-text-editor elementor-clearfix\"><\/div>\n<\/div>\n<\/div>\n<p>[\/vc_column_text]\t\t<\/div>\n\t<\/div>\n<\/div><\/div>[\/vc_column][vc_column width=&#8220;1\/2&#8243;]<div class=\"eltd-banner-holder  eltd-visible-on-default eltd-banner-info-default\">\n    <div class=\"eltd-banner-image\">\n        <img loading=\"lazy\" decoding=\"async\" width=\"762\" height=\"359\" src=\"https:\/\/dvcsport.com\/wp-content\/uploads\/2023\/10\/avant-pool-banner.jpg\" class=\"attachment-full size-full\" alt=\"\" srcset=\"https:\/\/dvcsport.com\/wp-content\/uploads\/2023\/10\/avant-pool-banner.jpg 762w, https:\/\/dvcsport.com\/wp-content\/uploads\/2023\/10\/avant-pool-banner-300x141.jpg 300w, https:\/\/dvcsport.com\/wp-content\/uploads\/2023\/10\/avant-pool-banner-600x283.jpg 600w\" sizes=\"auto, (max-width: 762px) 100vw, 762px\" \/>    <\/div>\n    <div class=\"eltd-banner-text-holder\" >\n\t    <div class=\"eltd-banner-text-outer\">\n\t\t    <div class=\"eltd-banner-text-inner\">\n\t\t        \t\t        \t\t        <div class=\"eltd-banner-link-button\" >\n\t\t\t         \t\t        <\/div>\n\t\t\t<\/div>\n\t\t<\/div>\n\t<\/div>\n\t\n<\/div>[\/vc_column][\/vc_row][vc_row full_width=&#8220;stretch_row&#8220; css=&#8220;.vc_custom_1702908545010{padding-top: 0px !important;padding-bottom: 60px !important;background-position: center !important;background-repeat: no-repeat !important;background-size: cover !important;}&#8220; el_id=&#8220;greenhill&#8220;][vc_column width=&#8220;1\/2&#8243;]<div class=\"eltd-banner-holder  eltd-visible-on-default eltd-banner-info-default\">\n    <div class=\"eltd-banner-image\">\n        <img loading=\"lazy\" decoding=\"async\" width=\"762\" height=\"360\" src=\"https:\/\/dvcsport.com\/wp-content\/uploads\/2023\/10\/green-hill-banner.jpg\" class=\"attachment-full size-full\" alt=\"\" srcset=\"https:\/\/dvcsport.com\/wp-content\/uploads\/2023\/10\/green-hill-banner.jpg 762w, https:\/\/dvcsport.com\/wp-content\/uploads\/2023\/10\/green-hill-banner-300x142.jpg 300w, https:\/\/dvcsport.com\/wp-content\/uploads\/2023\/10\/green-hill-banner-600x283.jpg 600w\" sizes=\"auto, (max-width: 762px) 100vw, 762px\" \/>    <\/div>\n    <div class=\"eltd-banner-text-holder\" >\n\t    <div class=\"eltd-banner-text-outer\">\n\t\t    <div class=\"eltd-banner-text-inner\">\n\t\t        \t\t        \t\t        <div class=\"eltd-banner-link-button\" >\n\t\t\t         \t\t        <\/div>\n\t\t\t<\/div>\n\t\t<\/div>\n\t<\/div>\n\t\n<\/div>[\/vc_column][vc_column width=&#8220;1\/2&#8243;]<div class=\"eltd-elements-holder   eltd-one-column  eltd-responsive-mode-768 \" ><div class=\"eltd-eh-item     \"  data-item-class=\"eltd-eh-custom-3656\">\n\t<div class=\"eltd-eh-item-inner\">\n\t\t<div class=\"eltd-eh-item-content eltd-eh-custom-3656\" style=\"padding: 5% 0 0 0\">\n\t\t\t[vc_column_text]<\/p>\n<h2>GREEN HILL<\/h2>\n<p>[\/vc_column_text][vc_empty_space height=&#8220;6px&#8220;]<div class=\"eltd-separator-holder clearfix  eltd-separator-left \">\n\t<div class=\"eltd-separator\" style=\"width: 44px;border-bottom-width: 5px\"><\/div>\n<\/div>\n[vc_column_text]<\/p>\n<div class=\"elementor-element elementor-element-wts3cgl elementor-widget elementor-widget-text-editor\" data-id=\"wts3cgl\" data-element_type=\"text-editor.default\">\n<div class=\"elementor-widget-container\">\n<div class=\"elementor-text-editor elementor-clearfix\">\n<p>Premiumqualit\u00e4t in der Welt der Kampfk\u00fcnste. Seit diesem Jahr haben wir das ausschlie\u00dfliche Vertriebsrecht f\u00fcr das Gebiet Bosnien und Herzegowina und machen die Marke Green Hill allen K\u00e4mpfern zug\u00e4nglich.<\/p>\n<p>Urspr\u00fcnglich auf Boxausr\u00fcstung konzentriert, erweiterte Green Hill sein Spektrum schnell auf andere Kampfsportarten. Durch eine historische Vereinbarung mit der International Judo Federation (IJF) im Jahr 2010 wurde Green Hill zum IJF-Meisterlieferanten und unterst\u00fctzte Wettbewerbe unter der Schirmherrschaft der IJF und EJU auf h\u00f6chstem Niveau. <a href=\"http:\/\/greenhill.ba\/\" target=\"_blank\" rel=\"noopener\"><strong>Mehr dazu<\/strong><\/a><\/p>\n<\/div>\n<\/div>\n<\/div>\n<p>[\/vc_column_text]\t\t<\/div>\n\t<\/div>\n<\/div><\/div>[\/vc_column][\/vc_row][vc_row full_width=&#8220;stretch_row&#8220; disable_background_image=&#8220;&#8220; css=&#8220;.vc_custom_1702908536723{padding-top: 0px !important;padding-bottom: 140px !important;background-position: center !important;background-repeat: no-repeat !important;background-size: cover !important;}&#8220; simple_background_image=&#8220;6736&#8243; el_id=&#8220;fitrade&#8220;][vc_column width=&#8220;1\/2&#8243;]<div class=\"eltd-elements-holder   eltd-one-column  eltd-responsive-mode-768 \" ><div class=\"eltd-eh-item     \"  data-item-class=\"eltd-eh-custom-4927\">\n\t<div class=\"eltd-eh-item-inner\">\n\t\t<div class=\"eltd-eh-item-content eltd-eh-custom-4927\" style=\"padding: 2% 0 0 0\">\n\t\t\t[vc_column_text]<\/p>\n<h2>FITRADE<\/h2>\n<p>[\/vc_column_text][vc_empty_space height=&#8220;6px&#8220;]<div class=\"eltd-separator-holder clearfix  eltd-separator-left \">\n\t<div class=\"eltd-separator\" style=\"width: 44px;border-bottom-width: 5px\"><\/div>\n<\/div>\n[vc_column_text]<\/p>\n<div class=\"elementor-element elementor-element-wts3cgl elementor-widget elementor-widget-text-editor\" data-id=\"wts3cgl\" data-element_type=\"text-editor.default\">\n<div class=\"elementor-widget-container\">\n<div class=\"elementor-text-editor elementor-clearfix\">\n<p>Fitrade-Produkte wurden zum zweiten Mal in Folge mit der Auszeichnung \u201eSportgetr\u00e4nk des Jahres\u201c ausgezeichnet und sind ab sofort in unserem Shop erh\u00e4ltlich, da wir der exklusive Vertreter dieser Getr\u00e4nke sind.<\/p>\n<p>Ihre Vision ist eine Welt, in der Menschen bewusster leben, indem sie proaktive Schritte zu einer besseren allgemeinen Gesundheit mit nahrhaften und dennoch k\u00f6stlichen Entscheidungen unternehmen. Vor diesem Hintergrund m\u00f6chten sie diejenigen unterst\u00fctzen, die nach ges\u00fcnderen Alternativen suchen, wenn es um ihre Fl\u00fcssigkeitszufuhrziele geht. <a href=\"https:\/\/dvcsport.com\/wp-content\/uploads\/2023\/12\/Katalog-proizvoda-Fitrade-BEZ-CIJENE.pdf\" target=\"_blank\" rel=\"noopener\"><strong>Mehr dazu<\/strong><\/a><\/p>\n<\/div>\n<\/div>\n<\/div>\n<p>[\/vc_column_text]\t\t<\/div>\n\t<\/div>\n<\/div><\/div>[\/vc_column][vc_column width=&#8220;1\/2&#8243;]<div class=\"eltd-banner-holder  eltd-visible-on-default eltd-banner-info-default\">\n    <div class=\"eltd-banner-image\">\n        <img loading=\"lazy\" decoding=\"async\" width=\"762\" height=\"360\" src=\"https:\/\/dvcsport.com\/wp-content\/uploads\/2023\/12\/fitrade-banner.jpg\" class=\"attachment-full size-full\" alt=\"\" srcset=\"https:\/\/dvcsport.com\/wp-content\/uploads\/2023\/12\/fitrade-banner.jpg 762w, https:\/\/dvcsport.com\/wp-content\/uploads\/2023\/12\/fitrade-banner-300x142.jpg 300w, https:\/\/dvcsport.com\/wp-content\/uploads\/2023\/12\/fitrade-banner-600x283.jpg 600w\" sizes=\"auto, (max-width: 762px) 100vw, 762px\" \/>    <\/div>\n    <div class=\"eltd-banner-text-holder\" >\n\t    <div class=\"eltd-banner-text-outer\">\n\t\t    <div class=\"eltd-banner-text-inner\">\n\t\t        \t\t        \t\t        <div class=\"eltd-banner-link-button\" >\n\t\t\t         \t\t        <\/div>\n\t\t\t<\/div>\n\t\t<\/div>\n\t<\/div>\n\t\n<\/div>[\/vc_column][\/vc_row][vc_row full_width=&#8220;stretch_row&#8220; css=&#8220;.vc_custom_1702908545010{padding-top: 0px !important;padding-bottom: 60px !important;background-position: center !important;background-repeat: no-repeat !important;background-size: cover !important;}&#8220;][vc_column width=&#8220;1\/2&#8243;]<div class=\"eltd-banner-holder  eltd-visible-on-default eltd-banner-info-default\">\n    <div class=\"eltd-banner-image\">\n        <img loading=\"lazy\" decoding=\"async\" width=\"762\" height=\"359\" src=\"https:\/\/dvcsport.com\/wp-content\/uploads\/2024\/04\/Group-4141.jpg\" class=\"attachment-full size-full\" alt=\"\" srcset=\"https:\/\/dvcsport.com\/wp-content\/uploads\/2024\/04\/Group-4141.jpg 762w, https:\/\/dvcsport.com\/wp-content\/uploads\/2024\/04\/Group-4141-300x141.jpg 300w, https:\/\/dvcsport.com\/wp-content\/uploads\/2024\/04\/Group-4141-600x283.jpg 600w\" sizes=\"auto, (max-width: 762px) 100vw, 762px\" \/>    <\/div>\n    <div class=\"eltd-banner-text-holder\" >\n\t    <div class=\"eltd-banner-text-outer\">\n\t\t    <div class=\"eltd-banner-text-inner\">\n\t\t        \t\t        \t\t        <div class=\"eltd-banner-link-button\" >\n\t\t\t         \t\t        <\/div>\n\t\t\t<\/div>\n\t\t<\/div>\n\t<\/div>\n\t\n<\/div>[\/vc_column][vc_column width=&#8220;1\/2&#8243;]<div class=\"eltd-elements-holder   eltd-one-column  eltd-responsive-mode-768 \" ><div class=\"eltd-eh-item     \"  data-item-class=\"eltd-eh-custom-7149\">\n\t<div class=\"eltd-eh-item-inner\">\n\t\t<div class=\"eltd-eh-item-content eltd-eh-custom-7149\" style=\"padding: 5% 0 0 0\">\n\t\t\t[vc_column_text]<\/p>\n<h2>MAXIMALIUM<\/h2>\n<p>[\/vc_column_text][vc_empty_space height=&#8220;6px&#8220;]<div class=\"eltd-separator-holder clearfix  eltd-separator-left \">\n\t<div class=\"eltd-separator\" style=\"width: 44px;border-bottom-width: 5px\"><\/div>\n<\/div>\n[vc_column_text]<\/p>\n<div class=\"elementor-element elementor-element-wts3cgl elementor-widget elementor-widget-text-editor\" data-id=\"wts3cgl\" data-element_type=\"text-editor.default\">\n<div class=\"elementor-widget-container\">\n<div class=\"elementor-text-editor elementor-clearfix\">\n<p>Top-Marke, die in 2017 als Privatmarke mit Produktion in der Europ\u00e4ischen Union gegr\u00fcndet wurde. Heute ist Maximalium eine der f\u00fchrenden Marken f\u00fcr Sporterg\u00e4nzungsmittel in Serbien und ab sofort auch auf unserem Markt zu finden.<\/p>\n<p>DVC Sport ist der exklusive Vertreter dieser Marke in Bosnien und Herzegowina. <a href=\"\/product-category\/maximalium\/\"><strong>Mehr dazu<\/strong><\/a><\/p>\n<\/div>\n<\/div>\n<\/div>\n<p>[\/vc_column_text]\t\t<\/div>\n\t<\/div>\n<\/div><\/div>[\/vc_column][\/vc_row][vc_row full_width=&#8220;stretch_row&#8220; content_placement=&#8220;middle&#8220; disable_background_image=&#8220;&#8220; simple_background_image=&#8220;6660&#8243; css=&#8220;.vc_custom_1772707927212{padding-top: 60px !important;padding-bottom: 90px !important;}&#8220;][vc_column width=&#8220;1\/2&#8243;]<div class=\"eltd-elements-holder   eltd-one-column  eltd-responsive-mode-768 \" ><div class=\"eltd-eh-item     \"  data-item-class=\"eltd-eh-custom-4708\">\n\t<div class=\"eltd-eh-item-inner\">\n\t\t<div class=\"eltd-eh-item-content eltd-eh-custom-4708\" style=\"padding: 6.5% 0 0 0\">\n\t\t\t[vc_single_image image=&#8220;6576&#8243; img_size=&#8220;full&#8220; alignment=&#8220;center&#8220;]\t\t<\/div>\n\t<\/div>\n<\/div><\/div>[\/vc_column][vc_column width=&#8220;1\/2&#8243; css=&#8220;.vc_custom_1772707946157{padding-bottom: 90px !important;}&#8220;]<div class=\"eltd-elements-holder   eltd-one-column  eltd-responsive-mode-768 \" ><div class=\"eltd-eh-item bilten    \"  data-item-class=\"eltd-eh-custom-7614\">\n\t<div class=\"eltd-eh-item-inner\">\n\t\t<div class=\"eltd-eh-item-content eltd-eh-custom-7614\" style=\"padding: 13% 0 0 0\">\n\t\t\t[vc_column_text]<\/p>\n<h2>Melde dich an und sichere dir 10% Rabatt auf deinen ersten Online-Kauf von All Stars Nahrungserg\u00e4nzungsmitteln.<\/h2>\n<p>[\/vc_column_text][vc_empty_space height=&#8220;6px&#8220;]<div class=\"eltd-separator-holder clearfix  eltd-separator-left \">\n\t<div class=\"eltd-separator\" ><\/div>\n<\/div>\n[vc_column_text]Abonniere f\u00fcr unsere Neuigkeiten, bleibe \u00fcber neue Produkte und exklusive Angebote auf dem Laufenden.[\/vc_column_text][vc_empty_space height=&#8220;25px&#8220;][vc_raw_html]W21jNHdwX2Zvcm0gaWQ9IjQ4MzQiXQ==[\/vc_raw_html]\t\t<\/div>\n\t<\/div>\n<\/div><\/div>[\/vc_column][\/vc_row]<\/p>\n","protected":false},"excerpt":{"rendered":"<p>[vc_row full_width=&#8220;stretch_row&#8220; css=&#8220;.vc_custom_1696500995300{padding-top: 20px !important;padding-bottom: 60px !important;background-position: center !important;background-repeat: no-repeat !important;background-size: cover !important;}&#8220; el_id=&#8220;allstars&#8220;][vc_column width=&#8220;1\/2&#8243;][\/vc_column][vc_column width=&#8220;1\/2&#8243;][\/vc_column][\/vc_row][vc_row full_width=&#8220;stretch_row&#8220; css=&#8220;.vc_custom_1696501006643{padding-top: 0px !important;padding-bottom: 60px !important;background-position: center !important;background-repeat: no-repeat !important;background-size: cover !important;}&#8220; el_id=&#8220;avantpool&#8220;][vc_column width=&#8220;1\/2&#8243;][\/vc_column][vc_column width=&#8220;1\/2&#8243;][\/vc_column][\/vc_row][vc_row full_width=&#8220;stretch_row&#8220; css=&#8220;.vc_custom_1702908545010{padding-top: 0px !important;padding-bottom: 60px !important;background-position: center !important;background-repeat: no-repeat !important;background-size: cover !important;}&#8220; el_id=&#8220;greenhill&#8220;][vc_column width=&#8220;1\/2&#8243;][\/vc_column][vc_column width=&#8220;1\/2&#8243;][\/vc_column][\/vc_row][vc_row full_width=&#8220;stretch_row&#8220; disable_background_image=&#8220;&#8220; css=&#8220;.vc_custom_1702908536723{padding-top: 0px !important;padding-bottom: 140px !important;background-position: center !important;background-repeat: [&hellip;]<\/p>\n","protected":false},"author":2,"featured_media":0,"parent":0,"menu_order":0,"comment_status":"closed","ping_status":"closed","template":"","meta":{"footnotes":""},"class_list":["post-6951","page","type-page","status-publish","hentry"],"_links":{"self":[{"href":"https:\/\/dvcsport.com\/de\/wp-json\/wp\/v2\/pages\/6951","targetHints":{"allow":["GET"]}}],"collection":[{"href":"https:\/\/dvcsport.com\/de\/wp-json\/wp\/v2\/pages"}],"about":[{"href":"https:\/\/dvcsport.com\/de\/wp-json\/wp\/v2\/types\/page"}],"author":[{"embeddable":true,"href":"https:\/\/dvcsport.com\/de\/wp-json\/wp\/v2\/users\/2"}],"replies":[{"embeddable":true,"href":"https:\/\/dvcsport.com\/de\/wp-json\/wp\/v2\/comments?post=6951"}],"version-history":[{"count":21,"href":"https:\/\/dvcsport.com\/de\/wp-json\/wp\/v2\/pages\/6951\/revisions"}],"predecessor-version":[{"id":11615,"href":"https:\/\/dvcsport.com\/de\/wp-json\/wp\/v2\/pages\/6951\/revisions\/11615"}],"wp:attachment":[{"href":"https:\/\/dvcsport.com\/de\/wp-json\/wp\/v2\/media?parent=6951"}],"curies":[{"name":"wp","href":"https:\/\/api.w.org\/{rel}","templated":true}]}}