{"id":6946,"date":"2017-10-04T10:11:43","date_gmt":"2017-10-04T08:11:43","guid":{"rendered":"https:\/\/dvcsport.com\/haufig-gestellte-fragen\/"},"modified":"2026-03-05T11:53:41","modified_gmt":"2026-03-05T10:53:41","slug":"haufig-gestellte-fragen","status":"publish","type":"page","link":"https:\/\/dvcsport.com\/de\/haufig-gestellte-fragen\/","title":{"rendered":"H\u00e4ufig gestellte Fragen"},"content":{"rendered":"<p>[vc_row anchor=&#8220;store&#8220; css=&#8220;.vc_custom_1695913442369{padding-top: 90px !important;padding-bottom: 90px !important;}&#8220;][vc_column width=&#8220;1\/2&#8243;]<div class=\"eltd-accordion-holder eltd-ac-default  eltd-accordion eltd-ac-boxed  clearfix\">\n\t<h4 class=\"eltd-accordion-title\">\n\t<span class=\"eltd-tab-title\">Wie kann ich Produkte von DVC Sport bestellen?<\/span>\n\t<span class=\"eltd-accordion-mark\">\n\t\t<span class=\"eltd_icon_plus ion-plus\"><\/span>\n\t\t<span class=\"eltd_icon_minus ion-minus\"><\/span>\n\t<\/span>\n<\/h4>\n<div class=\"eltd-accordion-content\">\n\t<div class=\"eltd-accordion-content-inner\">\n\t\t[vc_column_text]<span style=\"font-weight: 400;\">Du kannst Produkte ganz einfach \u00fcber unsere Website bestellen. Entdecke unser breites Sortiment, lege die gew\u00fcnschten Produkte in den Warenkorb und folge die Zahlungsanweisungen. Auch beim Bestellvorgang steht dir unser Kundenservice gerne zur Seite.<\/span>[\/vc_column_text]\t<\/div>\n<\/div><h4 class=\"eltd-accordion-title\">\n\t<span class=\"eltd-tab-title\">Wie lauten die Produktr\u00fcckgabebedingungen?<\/span>\n\t<span class=\"eltd-accordion-mark\">\n\t\t<span class=\"eltd_icon_plus ion-plus\"><\/span>\n\t\t<span class=\"eltd_icon_minus ion-minus\"><\/span>\n\t<\/span>\n<\/h4>\n<div class=\"eltd-accordion-content\">\n\t<div class=\"eltd-accordion-content-inner\">\n\t\t[vc_column_text]<span style=\"font-weight: 400;\">Deine Zufriedenheit steht f\u00fcr uns an erster Stelle. Wenn du mit dem gekauften Produkt nicht vollst\u00e4ndig zufrieden bist, kannst du es innerhalb von X Tagen ab Kaufdatum gegen Umtausch oder R\u00fcckerstattung zur\u00fcckgeben. <\/span>[\/vc_column_text]\t<\/div>\n<\/div><h4 class=\"eltd-accordion-title\">\n\t<span class=\"eltd-tab-title\">Versenden Sie Produkte au\u00dferhalb von Bosnien und Herzegowina?<\/span>\n\t<span class=\"eltd-accordion-mark\">\n\t\t<span class=\"eltd_icon_plus ion-plus\"><\/span>\n\t\t<span class=\"eltd_icon_minus ion-minus\"><\/span>\n\t<\/span>\n<\/h4>\n<div class=\"eltd-accordion-content\">\n\t<div class=\"eltd-accordion-content-inner\">\n\t\t[vc_column_text]<span style=\"font-weight: 400;\">Wir liefern derzeit nur nach Bosnien und Herzegowina und Serbien.<\/span>[\/vc_column_text]\t<\/div>\n<\/div><h4 class=\"eltd-accordion-title\">\n\t<span class=\"eltd-tab-title\">Wie kann ich mehr \u00fcber die Produkte und ihre Funktionen erfahren?<\/span>\n\t<span class=\"eltd-accordion-mark\">\n\t\t<span class=\"eltd_icon_plus ion-plus\"><\/span>\n\t\t<span class=\"eltd_icon_minus ion-minus\"><\/span>\n\t<\/span>\n<\/h4>\n<div class=\"eltd-accordion-content\">\n\t<div class=\"eltd-accordion-content-inner\">\n\t\t[vc_column_text]<span style=\"font-weight: 400;\">Auf unserer Website stellen wir detaillierte Informationen zu jedem Produkt bereit, einschlie\u00dflich Spezifikationen, Gr\u00f6\u00dfen, Farben und Kundenbewertungen. Du kannst dich auch an unser Support-Team wenden, das gerne alle deine Fragen beantwortet und zus\u00e4tzliche Informationen bereitstellt.<\/span><\/p>\n<p>[\/vc_column_text]\t<\/div>\n<\/div><h4 class=\"eltd-accordion-title\">\n\t<span class=\"eltd-tab-title\">Haben Sie ein Treueprogramm oder einen Rabatt f\u00fcr Stammkunden?<\/span>\n\t<span class=\"eltd-accordion-mark\">\n\t\t<span class=\"eltd_icon_plus ion-plus\"><\/span>\n\t\t<span class=\"eltd_icon_minus ion-minus\"><\/span>\n\t<\/span>\n<\/h4>\n<div class=\"eltd-accordion-content\">\n\t<div class=\"eltd-accordion-content-inner\">\n\t\t[vc_column_text]<span style=\"font-weight: 400;\">Ja, wir haben ein Treueprogramm f\u00fcr unsere Stammkunden. Werde Mitglied und erhalte exklusive Rabatte, Aktionen und Pr\u00e4mien f\u00fcr deine Treue zu DVC Sport.<\/span>[\/vc_column_text]\t<\/div>\n<\/div><\/div>[\/vc_column][vc_column width=&#8220;1\/2&#8243; el_id=&#8220;faq-section-de&#8220;]<div class=\"eltd-accordion-holder eltd-ac-default  eltd-accordion eltd-ac-boxed  clearfix\">\n\t<h4 class=\"eltd-accordion-title\">\n\t<span class=\"eltd-tab-title\">Wie kann ich den Kundensupport kontaktieren?<\/span>\n\t<span class=\"eltd-accordion-mark\">\n\t\t<span class=\"eltd_icon_plus ion-plus\"><\/span>\n\t\t<span class=\"eltd_icon_minus ion-minus\"><\/span>\n\t<\/span>\n<\/h4>\n<div class=\"eltd-accordion-content\">\n\t<div class=\"eltd-accordion-content-inner\">\n\t\t[vc_column_text]<span style=\"font-weight: 400;\">Du kannst uns \u00fcber das Kontaktformular auf unserer Website, per E-Mail oder telefonisch erreichen. Unser Kundensupport-Team steht dir bei Fragen und Bedenken gerne zur Verf\u00fcgung.<\/span>[\/vc_column_text]\t<\/div>\n<\/div><h4 class=\"eltd-accordion-title\">\n\t<span class=\"eltd-tab-title\">Welche Zahlungsmethoden werden akzeptiert?<\/span>\n\t<span class=\"eltd-accordion-mark\">\n\t\t<span class=\"eltd_icon_plus ion-plus\"><\/span>\n\t\t<span class=\"eltd_icon_minus ion-minus\"><\/span>\n\t<\/span>\n<\/h4>\n<div class=\"eltd-accordion-content\">\n\t<div class=\"eltd-accordion-content-inner\">\n\t\t[vc_column_text]<span style=\"font-weight: 400;\">Wir akzeptieren derzeit nur Barzahlungen. Einzelheiten zu den in der kommenden Zeit verf\u00fcgbaren Zahlungsoptionen findest du in den <a href=\"https:\/\/dvcsport.com\/uslovi-placanja\/\">Zahlungsbedingungen<\/a>.<\/span>[\/vc_column_text]\t<\/div>\n<\/div><h4 class=\"eltd-accordion-title\">\n\t<span class=\"eltd-tab-title\">Wie lange dauert die Lieferung meiner Bestellung?<\/span>\n\t<span class=\"eltd-accordion-mark\">\n\t\t<span class=\"eltd_icon_plus ion-plus\"><\/span>\n\t\t<span class=\"eltd_icon_minus ion-minus\"><\/span>\n\t<\/span>\n<\/h4>\n<div class=\"eltd-accordion-content\">\n\t<div class=\"eltd-accordion-content-inner\">\n\t\t[vc_column_text]<span style=\"font-weight: 400;\">Die Lieferzeit h\u00e4ngt von deinem Standort und der gew\u00e4hlten Versandart ab. Wir versuchen immer, die Bestellung so schnell wie m\u00f6glich zu liefern. <\/span>[\/vc_column_text]\t<\/div>\n<\/div><h4 class=\"eltd-accordion-title\">\n\t<span class=\"eltd-tab-title\">Was passiert, wenn ich ein besch\u00e4digtes oder defektes Produkt erhalte?<\/span>\n\t<span class=\"eltd-accordion-mark\">\n\t\t<span class=\"eltd_icon_plus ion-plus\"><\/span>\n\t\t<span class=\"eltd_icon_minus ion-minus\"><\/span>\n\t<\/span>\n<\/h4>\n<div class=\"eltd-accordion-content\">\n\t<div class=\"eltd-accordion-content-inner\">\n\t\t[vc_column_text]<span style=\"font-weight: 400;\">Es ist uns \u00e4u\u00dferst wichtig, dass du von uns nur die beste Qualit\u00e4t erhaltest. Solltest du ein besch\u00e4digtes oder defektes Produkt erhalten, kontaktiere uns bitte umgehend. Unser Support-Team hilft dir bei der L\u00f6sung des Problems und stellt gem\u00e4\u00df unseren Richtlinien einen Ersatz oder eine R\u00fcckerstattung bereit.<\/span>[\/vc_column_text]\t<\/div>\n<\/div><h4 class=\"eltd-accordion-title\">\n\t<span class=\"eltd-tab-title\">Wie kann ich Ihren Newsletter oder Ihre Neuigkeiten abonnieren?<\/span>\n\t<span class=\"eltd-accordion-mark\">\n\t\t<span class=\"eltd_icon_plus ion-plus\"><\/span>\n\t\t<span class=\"eltd_icon_minus ion-minus\"><\/span>\n\t<\/span>\n<\/h4>\n<div class=\"eltd-accordion-content\">\n\t<div class=\"eltd-accordion-content-inner\">\n\t\t[vc_column_text]<span style=\"font-weight: 400;\">Du kannst unseren Newsletter oder unsere Neuigkeiten \u00fcber unsere Website abonnieren. Gib deine E-Mail-Adresse in das entsprechende Feld ein, um Benachrichtigungen \u00fcber Sonderangebote, neue Produkte und Neuigkeiten von DVC Sport zu abonnieren.<\/span>[\/vc_column_text]\t<\/div>\n<\/div><\/div>[\/vc_column][\/vc_row][vc_row full_width=&#8220;stretch_row&#8220; content_placement=&#8220;middle&#8220; disable_background_image=&#8220;&#8220; simple_background_image=&#8220;6660&#8243; css=&#8220;.vc_custom_1772708017368{padding-top: 60px !important;padding-bottom: 60px !important;}&#8220;][vc_column width=&#8220;1\/2&#8243;]<div class=\"eltd-elements-holder   eltd-one-column  eltd-responsive-mode-768 \" ><div class=\"eltd-eh-item     \"  data-item-class=\"eltd-eh-custom-1301\">\n\t<div class=\"eltd-eh-item-inner\">\n\t\t<div class=\"eltd-eh-item-content eltd-eh-custom-1301\" style=\"padding: 6.5% 0 0 0\">\n\t\t\t[vc_single_image image=&#8220;6576&#8243; img_size=&#8220;full&#8220; alignment=&#8220;center&#8220;]\t\t<\/div>\n\t<\/div>\n<\/div><\/div>[\/vc_column][vc_column width=&#8220;1\/2&#8243; css=&#8220;.vc_custom_1772708012943{padding-bottom: 90px !important;}&#8220;]<div class=\"eltd-elements-holder   eltd-one-column  eltd-responsive-mode-768 \" ><div class=\"eltd-eh-item bilten    \"  data-item-class=\"eltd-eh-custom-2078\">\n\t<div class=\"eltd-eh-item-inner\">\n\t\t<div class=\"eltd-eh-item-content eltd-eh-custom-2078\" style=\"padding: 9.5% 0 0 0\">\n\t\t\t[vc_column_text]<\/p>\n<h2>Melde dich an und sichere dir 10% Rabatt auf deinen ersten Online-Kauf von All Stars Nahrungserg\u00e4nzungsmitteln.<\/h2>\n<p>[\/vc_column_text][vc_empty_space height=&#8220;6px&#8220;]<div class=\"eltd-separator-holder clearfix  eltd-separator-left \">\n\t<div class=\"eltd-separator\" style=\"width: 44px;border-bottom-width: 5px\"><\/div>\n<\/div>\n[vc_column_text]Abonniere f\u00fcr unsere Neuigkeiten, bleibe \u00fcber neue Produkte und exklusive Angebote auf dem Laufenden.[\/vc_column_text][vc_empty_space height=&#8220;25px&#8220;][vc_raw_html]JTVCbWM0d3BfZm9ybSUyMGlkJTNENjk2MiU1RA==[\/vc_raw_html]\t\t<\/div>\n\t<\/div>\n<\/div><\/div>[\/vc_column][\/vc_row]<\/p>\n","protected":false},"excerpt":{"rendered":"<p>[vc_row anchor=&#8220;store&#8220; css=&#8220;.vc_custom_1695913442369{padding-top: 90px !important;padding-bottom: 90px !important;}&#8220;][vc_column width=&#8220;1\/2&#8243;][\/vc_column][vc_column width=&#8220;1\/2&#8243; el_id=&#8220;faq-section-de&#8220;][\/vc_column][\/vc_row][vc_row full_width=&#8220;stretch_row&#8220; content_placement=&#8220;middle&#8220; disable_background_image=&#8220;&#8220; simple_background_image=&#8220;6660&#8243; css=&#8220;.vc_custom_1772708017368{padding-top: 60px !important;padding-bottom: 60px !important;}&#8220;][vc_column width=&#8220;1\/2&#8243;][\/vc_column][vc_column width=&#8220;1\/2&#8243; css=&#8220;.vc_custom_1772708012943{padding-bottom: 90px !important;}&#8220;][\/vc_column][\/vc_row]<\/p>\n","protected":false},"author":2,"featured_media":0,"parent":0,"menu_order":0,"comment_status":"closed","ping_status":"closed","template":"","meta":{"footnotes":""},"class_list":["post-6946","page","type-page","status-publish","hentry"],"_links":{"self":[{"href":"https:\/\/dvcsport.com\/de\/wp-json\/wp\/v2\/pages\/6946","targetHints":{"allow":["GET"]}}],"collection":[{"href":"https:\/\/dvcsport.com\/de\/wp-json\/wp\/v2\/pages"}],"about":[{"href":"https:\/\/dvcsport.com\/de\/wp-json\/wp\/v2\/types\/page"}],"author":[{"embeddable":true,"href":"https:\/\/dvcsport.com\/de\/wp-json\/wp\/v2\/users\/2"}],"replies":[{"embeddable":true,"href":"https:\/\/dvcsport.com\/de\/wp-json\/wp\/v2\/comments?post=6946"}],"version-history":[{"count":7,"href":"https:\/\/dvcsport.com\/de\/wp-json\/wp\/v2\/pages\/6946\/revisions"}],"predecessor-version":[{"id":11616,"href":"https:\/\/dvcsport.com\/de\/wp-json\/wp\/v2\/pages\/6946\/revisions\/11616"}],"wp:attachment":[{"href":"https:\/\/dvcsport.com\/de\/wp-json\/wp\/v2\/media?parent=6946"}],"curies":[{"name":"wp","href":"https:\/\/api.w.org\/{rel}","templated":true}]}}